{"id":6427,"date":"2015-07-02T05:10:48","date_gmt":"2015-07-02T05:10:48","guid":{"rendered":"https:\/\/www.biznovator.com\/about-us\/"},"modified":"2019-11-24T17:28:47","modified_gmt":"2019-11-24T22:28:47","slug":"about-us","status":"publish","type":"page","link":"https:\/\/biznovator.com\/es\/about-us\/","title":{"rendered":"About Us"},"content":{"rendered":"<div class=\"wpb-content-wrapper\"><p>[vc_row css=\u00bb.vc_custom_1435816078010{margin-bottom: 15px !important;}\u00bb][vc_column][vc_custom_heading text=\u00bbNUESTRA MISI\u00d3N\u00bb font_container=\u00bbtag:h2|text_align:center\u00bb use_theme_fonts=\u00bbyes\u00bb css=\u00bb.vc_custom_1574628457754{margin-top: -8px !important;margin-bottom: 29px !important;}\u00bb][vc_column_text css=\u00bb.vc_custom_1574628498471{margin-bottom: 32px !important;}\u00bb]<\/p>\n<h1 style=\"text-align: center; font-size: 17px;\"><strong>En BIZNOVATOR empoderamos y habilitamos el emprendimiento juvenil, a trav\u00e9s de la innovaci\u00f3n social y el liderazgo global.<\/strong><\/h1>\n<p style=\"text-align: center; font-size: 17px;\">De hecho, nuestra misi\u00f3n es empoderar, ense\u00f1ar y crear j\u00f3venes emprendedores, innovadores sociales y l\u00edderes globales que impactar\u00e1n positivamente sus comunidades y el mundo. BIZNOVATOR fomenta el Emprendimiento Social e Innovaci\u00f3n que equipa a los j\u00f3venes para iniciar empresas con prop\u00f3sito. Esta es una iniciativa para permitir que los j\u00f3venes vean el emprendimiento como una plataforma para generar un impacto positivo en sus comunidades.<\/p>\n<p>[\/vc_column_text][\/vc_column][\/vc_row][vc_row css=\u00bb.vc_custom_1435816078010{margin-bottom: 15px !important;}\u00bb][vc_column width=\u00bb1\/2&#8243;][vc_custom_heading text=\u00bbSOBRE NOSOTROS\u00bb use_theme_fonts=\u00bbyes\u00bb css=\u00bb.vc_custom_1574628518744{margin-top: -8px !important;margin-bottom: 29px !important;}\u00bb][vc_column_text css=\u00bb.vc_custom_1574628587591{margin-bottom: 32px !important;}\u00bb]BIZNOVATOR es m\u00e1s que una empresa, somos un movimiento que cree que el desarrollo juvenil debe tener una alta prioridad en los gobiernos, sector privado y comunidades locales. Nuestro enfoque es visto como un mecanismo fundamental para alcanzar el desarrollo econ\u00f3mico sostenible y el progreso social para nuestro mundo que cambia r\u00e1pidamente. M\u00e1s que nunca, necesitamos lograr que nuestros j\u00f3venes vivan una vida con prop\u00f3sito para moldear el mundo que heredar\u00e1n. M\u00e1s que nunca, es de vital importancia que la juventud de hoy <span style=\"color: #3d9be9;\">DESCUBRA<\/span> su Prop\u00f3sito, <span style=\"color: #f16622;\">TRANSFORME<\/span> su Mentalidad y se <span style=\"color: #fdd600;\">CONNECTE<\/span> con su Futuro.[\/vc_column_text][vc_single_image image=\u00bb1792&#8243; img_size=\u00bbfull\u00bb css=\u00bb.vc_custom_1521123765724{margin-top: 60px !important;margin-bottom: 24px !important;}\u00bb][\/vc_column][vc_column width=\u00bb1\/2&#8243;][vc_single_image image=\u00bb1812&#8243; img_size=\u00bbfull\u00bb css=\u00bb.vc_custom_1521123785036{margin-top: 46px !important;margin-bottom: 46px !important;}\u00bb][vc_single_image image=\u00bb1886&#8243; img_size=\u00bbfull\u00bb][vc_column_text css=\u00bb.vc_custom_1574628654711{margin-bottom: 32px !important;}\u00bb]Los Post-Millennials, conocidos tambi\u00e9n como Generaci\u00f3n Z (nacidos entre 1995-2010), son expertos tecnol\u00f3gicos, emprendedores y ansiosos por ayudar a cambiar el mundo! Para aumentar la capacidad de la Generaci\u00f3n Z, BIZNOVATOR tiene tres objetivos y resultados con los que nos hemos comprometido plenamente \u2013 \u2013 aumentar el conocimiento del liderazgo, <strong>emprendimiento social e innovaci\u00f3n.<\/strong><\/p>\n<p>Al unirse a la traves\u00eda de BIZNOVATOR, los j\u00f3venes obtendr\u00e1n las habilidades para lanzar sus propios negocios o desarrollar estrategias de innovaci\u00f3n social mientras se afianzan sus habilidades de liderazgo. Los programas de BIZNOVATOR proporcionan un ambiente DIVERTIDO, seguro y colaborativo donde los j\u00f3venes pueden crecer y aprender a maximizar su potencial. A trav\u00e9s de nuestra s\u00f3lida Plataforma en L\u00ednea \u201cMi BIZNOVATOR\u201d y los Talleres, Campamentos y Academias presenciales, BIZNOVATOR ense\u00f1a a los estudiantes a descubrir sus pasiones y fortalezas aprendiendo al mismo tiempo a crear caminos de \u00e9xito para su futuro![\/vc_column_text][\/vc_column][\/vc_row][vc_row][vc_column][stm_multy_separator css=\u00bb.vc_custom_1437475130947{margin-bottom: 10px !important;}\u00bb][\/vc_column][\/vc_row][vc_row css=\u00bb.vc_custom_1435816078010{margin-bottom: 15px !important;}\u00bb][vc_column][vc_custom_heading text=\u00bbObjetivos de Desarrollo Sostenible ONU\u00bb use_theme_fonts=\u00bbyes\u00bb css=\u00bb.vc_custom_1574628667780{margin-top: -8px !important;}\u00bb][\/vc_column][\/vc_row][vc_row css=\u00bb.vc_custom_1435816078010{margin-bottom: 15px !important;}\u00bb][vc_column width=\u00bb1\/2&#8243;][vc_column_text css=\u00bb.vc_custom_1574628703852{margin-top: 40px !important;margin-bottom: 32px !important;}\u00bb]En Septiembre del 2015, la Asamblea General de la ONU adopt\u00f3 la Agenda 2030 para el Desarrollo Sostenible que incluye 17 Objetivos de Desarrollo Sostenible (ODSs).<\/p>\n<p>BIZNOVATOR aborda 8 de los 17 ODS\u2019s, partiendo del principio de \u201cno dejar a nadie atr\u00e1s\u201d, la nueva Agenda enfatiza un enfoque hol\u00edstico para lograr el desarrollo sostenible para todos. [\/vc_column_text][\/vc_column][vc_column width=\u00bb1\/2&#8243;][vc_single_image image=\u00bb6411&#8243; img_size=\u00bbfull\u00bb alignment=\u00bbcenter\u00bb css=\u00bb.vc_custom_1574628900023{margin-bottom: 24px !important;}\u00bb][\/vc_column][\/vc_row][vc_row][vc_column][stm_multy_separator css=\u00bb.vc_custom_1437475130947{margin-bottom: 10px !important;}\u00bb][\/vc_column][\/vc_row][vc_row css=\u00bb.vc_custom_1435816078010{margin-bottom: 15px !important;}\u00bb][vc_column][vc_custom_heading text=\u00bbNUESTRA MARCA\u00bb use_theme_fonts=\u00bbyes\u00bb css=\u00bb.vc_custom_1574628909721{margin-top: -8px !important;}\u00bb][\/vc_column][\/vc_row][vc_row css=\u00bb.vc_custom_1435816078010{margin-bottom: 15px !important;}\u00bb][vc_column width=\u00bb1\/2&#8243;][vc_single_image image=\u00bb2898&#8243; img_size=\u00bbfull\u00bb alignment=\u00bbcenter\u00bb css=\u00bb.vc_custom_1521127156410{margin-bottom: 24px !important;}\u00bb][\/vc_column][vc_column width=\u00bb1\/2&#8243;][vc_column_text css=\u00bb.vc_custom_1574628937263{margin-top: 40px !important;margin-bottom: 32px !important;}\u00bb]<\/p>\n<h4>Significado:<\/h4>\n<p>El ATP es el veh\u00edculo m\u00e1s b\u00e1sico para la energ\u00eda en la vida. La energ\u00eda potencial se mantiene en la mol\u00e9cula trifosfato. Cuando el ATP llega al lugar que necesita energ\u00eda, el fosfato m\u00e1s alejado se rompe y transfiere la energ\u00eda. En este momento el ATP se convierte en ADP y debe encontrar otro fosfato para re-energizarse. Una sola mol\u00e9cula de ATP se recicla cientos de veces al d\u00eda.<\/p>\n<p>Nuestra mayor esperanza es ayudar a los BIZNOVATORS a usar su energ\u00eda potencial para impactar sus comunidades. Y de la misma forma que los ATP se reciclan cientos de veces al d\u00eda, esperamos que el impacto de BIZNOVATOR sea multiplicado por otros.<br \/>\n[\/vc_column_text][\/vc_column][\/vc_row][vc_row][vc_column][stm_multy_separator css=\u00bb.vc_custom_1437475130947{margin-bottom: 10px !important;}\u00bb][\/vc_column][\/vc_row][vc_row][vc_column][stm_experts experts_all=\u00bbno\u00bb expert_slides_per_row=\u00bb2&#8243; experts_title=\u00bbCONOCE A LOS L\u00cdDERES\u00bb experts_max_num=\u00bb5&#8243;][\/vc_column][\/vc_row]<\/p>\n<\/div>","protected":false},"excerpt":{"rendered":"<p>[vc_row css=\u00bb.vc_custom_1435816078010{margin-bottom: 15px !important;}\u00bb][vc_column][vc_custom_heading text=\u00bbNUESTRA MISI\u00d3N\u00bb font_container=\u00bbtag:h2|text_align:center\u00bb use_theme_fonts=\u00bbyes\u00bb css=\u00bb.vc_custom_1574628457754{margin-top: -8px !important;margin-bottom: 29px !important;}\u00bb][vc_column_text css=\u00bb.vc_custom_1574628498471{margin-bottom: 32px !important;}\u00bb] En BIZNOVATOR empoderamos y habilitamos el emprendimiento juvenil, a trav\u00e9s de la innovaci\u00f3n social y el liderazgo global. De hecho, nuestra misi\u00f3n es empoderar, ense\u00f1ar y crear j\u00f3venes emprendedores, innovadores sociales y l\u00edderes globales que impactar\u00e1n positivamente sus comunidades [&hellip;]<\/p>\n","protected":false},"author":1,"featured_media":0,"parent":0,"menu_order":0,"comment_status":"closed","ping_status":"closed","template":"","meta":{"_acf_changed":false,"footnotes":""},"class_list":["post-6427","page","type-page","status-publish","hentry"],"acf":[],"_links":{"self":[{"href":"https:\/\/biznovator.com\/es\/wp-json\/wp\/v2\/pages\/6427","targetHints":{"allow":["GET"]}}],"collection":[{"href":"https:\/\/biznovator.com\/es\/wp-json\/wp\/v2\/pages"}],"about":[{"href":"https:\/\/biznovator.com\/es\/wp-json\/wp\/v2\/types\/page"}],"author":[{"embeddable":true,"href":"https:\/\/biznovator.com\/es\/wp-json\/wp\/v2\/users\/1"}],"replies":[{"embeddable":true,"href":"https:\/\/biznovator.com\/es\/wp-json\/wp\/v2\/comments?post=6427"}],"version-history":[{"count":0,"href":"https:\/\/biznovator.com\/es\/wp-json\/wp\/v2\/pages\/6427\/revisions"}],"wp:attachment":[{"href":"https:\/\/biznovator.com\/es\/wp-json\/wp\/v2\/media?parent=6427"}],"curies":[{"name":"wp","href":"https:\/\/api.w.org\/{rel}","templated":true}]}}