{"id":6457,"date":"2017-12-28T13:37:51","date_gmt":"2017-12-28T13:37:51","guid":{"rendered":"https:\/\/www.biznovator.com\/biznovator-camps-for-kids\/"},"modified":"2019-11-25T20:26:59","modified_gmt":"2019-11-26T01:26:59","slug":"biznovator-camps-for-kids","status":"publish","type":"page","link":"https:\/\/biznovator.com\/es\/biznovator-camps-for-kids\/","title":{"rendered":"BIZNOVATOR CAMP FOR KIDS"},"content":{"rendered":"<div class=\"wpb-content-wrapper\"><p>[vc_row css=\u00bb.vc_custom_1435816078010{margin-bottom: 15px !important;}\u00bb][vc_column width=\u00bb3\/4&#8243;][vc_single_image image=\u00bb1641&#8243; img_size=\u00bbfull\u00bb alignment=\u00bbcenter\u00bb][vc_column_text]<\/p>\n<p style=\"text-align: justify;\">El BIZNOVATOR <span style=\"color: #fdd600;\">Kamp for Kids<\/span>, campamento de 1 semana para ni\u00f1os, introduce a los j\u00f3venes al emprendimiento con un enfoque fundamental, interactivo y experiencial. Nuestros objetivos claves durante esta semana de ritmo r\u00e1pido son; reorientar mentalidades, ense\u00f1ar a los estudiantes a identificar sus pasiones, desarrollar oportunidades mientras reconocen las bases para poner en marcha un negocio. BIZNOVATOR sabe que cuando los ni\u00f1os se divierten y se conectan con sus pasiones, est\u00e1n m\u00e1s enfocados y preparados para optimizar su aprendizaje.<\/p>\n<p style=\"text-align: justify;\">Durante la semana, las actividades presentan a los ni\u00f1os estrategias claves que los pueden conducir a su \u00e9xito en el futuro. Aprenden de primera mano las caracter\u00edsticas de los emprendedores al entrevistar a l\u00edderes de negocios locales que se presentan como oradores invitados durante el campamento. El BIZNOVATOR <span style=\"color: #fdd600;\">Kamp for Kids<\/span> culmina con una competencia de planes de negocios donde los estudiantes presentan sus planes a sus compa\u00f1eros y empresarios de la comunidad. Adem\u00e1s de la diversi\u00f3n y el aprendizaje, exhortamos a los padres a participar en nuestra feria comercial BIZNOVATOR donde sus hijos promocionar\u00e1n, vender\u00e1n monetizar\u00e1n los productos o servicios de sus negocios. Ya sea que inicien un negocio ahora o despu\u00e9s, lo fundamental es comprender que el <a href=\"https:\/\/biznovator.com\/es\/about-us\/\">emprendimiento social y la innovaci\u00f3n<\/a> son una mentalidad. Nos esforzamos por ayudarlos a aprovechar su ingenio desde temprano para que puedan alcanzar su m\u00e1ximo potencial.[\/vc_column_text][vc_row_inner][vc_column_inner width=\u00bb1\/2&#8243;][vc_btn title=\u00bbVER EVENTOS\u00bb color=\u00bbprimary\u00bb align=\u00bbcenter\u00bb link=\u00bburl:https%3A%2F%2Fwww.biznovator.com%2Fevents%2F|title:EVENT%20REGISTRATION||\u00bb][\/vc_column_inner][vc_column_inner width=\u00bb1\/2&#8243;][vc_btn title=\u00bbSOLICITAR CAMPAMENTO\u00bb color=\u00bbprimary\u00bb align=\u00bbcenter\u00bb link=\u00bburl:http%3A%2F%2Fbiznovator.com%2Frequest%2F|title:REGISTER%20NOW||\u00bb][\/vc_column_inner][\/vc_row_inner][stm_multy_separator css=\u00bb.vc_custom_1435819083449{margin-bottom: 64px !important;}\u00bb][stm_experts experts_all=\u00bbno\u00bb expert_slides_per_row=\u00bb2&#8243; experts_title=\u00bbOur Executive Team\u00bb][\/vc_column][vc_column width=\u00bb1\/4&#8243;][vc_widget_sidebar sidebar_id=\u00bbdefault\u00bb][\/vc_column][\/vc_row]<\/p>\n<\/div>","protected":false},"excerpt":{"rendered":"<p>[vc_row css=\u00bb.vc_custom_1435816078010{margin-bottom: 15px !important;}\u00bb][vc_column width=\u00bb3\/4&#8243;][vc_single_image image=\u00bb1641&#8243; img_size=\u00bbfull\u00bb alignment=\u00bbcenter\u00bb][vc_column_text] El BIZNOVATOR Kamp for Kids, campamento de 1 semana para ni\u00f1os, introduce a los j\u00f3venes al emprendimiento con un enfoque fundamental, interactivo y experiencial. Nuestros objetivos claves durante esta semana de ritmo r\u00e1pido son; reorientar mentalidades, ense\u00f1ar a los estudiantes a identificar sus pasiones, desarrollar oportunidades mientras [&hellip;]<\/p>\n","protected":false},"author":1,"featured_media":0,"parent":0,"menu_order":0,"comment_status":"closed","ping_status":"closed","template":"","meta":{"_acf_changed":false,"footnotes":""},"class_list":["post-6457","page","type-page","status-publish","hentry"],"acf":[],"_links":{"self":[{"href":"https:\/\/biznovator.com\/es\/wp-json\/wp\/v2\/pages\/6457","targetHints":{"allow":["GET"]}}],"collection":[{"href":"https:\/\/biznovator.com\/es\/wp-json\/wp\/v2\/pages"}],"about":[{"href":"https:\/\/biznovator.com\/es\/wp-json\/wp\/v2\/types\/page"}],"author":[{"embeddable":true,"href":"https:\/\/biznovator.com\/es\/wp-json\/wp\/v2\/users\/1"}],"replies":[{"embeddable":true,"href":"https:\/\/biznovator.com\/es\/wp-json\/wp\/v2\/comments?post=6457"}],"version-history":[{"count":0,"href":"https:\/\/biznovator.com\/es\/wp-json\/wp\/v2\/pages\/6457\/revisions"}],"wp:attachment":[{"href":"https:\/\/biznovator.com\/es\/wp-json\/wp\/v2\/media?parent=6457"}],"curies":[{"name":"wp","href":"https:\/\/api.w.org\/{rel}","templated":true}]}}