{"id":6460,"date":"2017-12-28T16:19:20","date_gmt":"2017-12-28T16:19:20","guid":{"rendered":"https:\/\/www.biznovator.com\/biznovator-camp-ages-13-15\/"},"modified":"2019-11-25T20:30:24","modified_gmt":"2019-11-26T01:30:24","slug":"biznovator-camp-ages-13-15","status":"publish","type":"page","link":"https:\/\/biznovator.com\/es\/biznovator-camp-ages-13-15\/","title":{"rendered":"BIZNOVATOR CAMP AGES 13-15"},"content":{"rendered":"<div class=\"wpb-content-wrapper\"><p>[vc_row css=\u00bb.vc_custom_1435816078010{margin-bottom: 15px !important;}\u00bb][vc_column width=\u00bb3\/4&#8243;][vc_single_image image=\u00bb1640&#8243; img_size=\u00bbfull\u00bb alignment=\u00bbcenter\u00bb][vc_column_text]<\/p>\n<p style=\"text-align: justify;\">El <span style=\"color: #fdd600;\">Campamento<\/span> BIZNOVATOR de una semana instruye a los j\u00f3venes (13 \u2013 15 a\u00f1os) en actividades de liderazgo y habilidades comerciales m\u00e1s avanzadas a tiempo de aprender a descubrir y poner en pr\u00e1ctica sus ideas e innovaci\u00f3n a una edad temprana. El <span style=\"color: #fdd600;\">Campamento<\/span> BIZNOVATOR empodera y motiva a los j\u00f3venes a sobresalir a su propio ritmo mientras aprenden la importancia de so\u00f1ar en grande.<\/p>\n<p style=\"text-align: justify;\">\u00c9xito, Tecnolog\u00eda, Emprendimiento, Artes y Matem\u00e1ticas. Con m\u00e1s de 30 a\u00f1os de \u00e9xito comprobado en el desarrollo juvenil, BIZNOVATOR continua utilizando su metodolog\u00eda que permite a los estudiantes desarrollar habilidades esenciales y al mismo tiempo adquirir conocimientos financieros. Aunque nuestros estudiantes est\u00e1n aprendiendo sobre la fase desde el inicio de un negocio, naturalmente aumentan su conocimiento de los negocios mientras convierten su pasi\u00f3n en una microempresa que llaman suya. Desde autoconfianza hasta habilidades de comunicaci\u00f3n y toma de decisiones, los estudiantes desarrollan herramientas que son claves para su \u00e9xito en la vida y en su carrera futura.<\/p>\n<p>[\/vc_column_text][vc_row_inner][vc_column_inner width=\u00bb1\/2&#8243;][vc_btn title=\u00bbVER EVENTOS\u00bb style=\u00bbclassic\u00bb color=\u00bbprimary\u00bb align=\u00bbcenter\u00bb css_animation=\u00bbfadeIn\u00bb link=\u00bburl:https%3A%2F%2Fwww.biznovator.com%2Fevents%2F|title:REGISTER%20NOW||\u00bb][\/vc_column_inner][vc_column_inner width=\u00bb1\/2&#8243;][vc_btn title=\u00bbSOLICITAR CAMPAMENTO\u00bb style=\u00bbclassic\u00bb color=\u00bbprimary\u00bb align=\u00bbcenter\u00bb css_animation=\u00bbfadeIn\u00bb link=\u00bburl:http%3A%2F%2Fbiznovator.com%2Frequest%2F|title:REGISTER%20NOW||\u00bb][\/vc_column_inner][\/vc_row_inner][stm_multy_separator css=\u00bb.vc_custom_1435819083449{margin-bottom: 64px !important;}\u00bb][stm_experts experts_all=\u00bbno\u00bb expert_slides_per_row=\u00bb2&#8243; experts_title=\u00bbOur Executive Team\u00bb][\/vc_column][vc_column width=\u00bb1\/4&#8243;][vc_widget_sidebar sidebar_id=\u00bbdefault\u00bb][\/vc_column][\/vc_row]<\/p>\n<\/div>","protected":false},"excerpt":{"rendered":"<p>[vc_row css=\u00bb.vc_custom_1435816078010{margin-bottom: 15px !important;}\u00bb][vc_column width=\u00bb3\/4&#8243;][vc_single_image image=\u00bb1640&#8243; img_size=\u00bbfull\u00bb alignment=\u00bbcenter\u00bb][vc_column_text] El Campamento BIZNOVATOR de una semana instruye a los j\u00f3venes (13 \u2013 15 a\u00f1os) en actividades de liderazgo y habilidades comerciales m\u00e1s avanzadas a tiempo de aprender a descubrir y poner en pr\u00e1ctica sus ideas e innovaci\u00f3n a una edad temprana. El Campamento BIZNOVATOR empodera y motiva [&hellip;]<\/p>\n","protected":false},"author":1,"featured_media":0,"parent":0,"menu_order":0,"comment_status":"closed","ping_status":"closed","template":"","meta":{"_acf_changed":false,"footnotes":""},"class_list":["post-6460","page","type-page","status-publish","hentry"],"acf":[],"_links":{"self":[{"href":"https:\/\/biznovator.com\/es\/wp-json\/wp\/v2\/pages\/6460","targetHints":{"allow":["GET"]}}],"collection":[{"href":"https:\/\/biznovator.com\/es\/wp-json\/wp\/v2\/pages"}],"about":[{"href":"https:\/\/biznovator.com\/es\/wp-json\/wp\/v2\/types\/page"}],"author":[{"embeddable":true,"href":"https:\/\/biznovator.com\/es\/wp-json\/wp\/v2\/users\/1"}],"replies":[{"embeddable":true,"href":"https:\/\/biznovator.com\/es\/wp-json\/wp\/v2\/comments?post=6460"}],"version-history":[{"count":0,"href":"https:\/\/biznovator.com\/es\/wp-json\/wp\/v2\/pages\/6460\/revisions"}],"wp:attachment":[{"href":"https:\/\/biznovator.com\/es\/wp-json\/wp\/v2\/media?parent=6460"}],"curies":[{"name":"wp","href":"https:\/\/api.w.org\/{rel}","templated":true}]}}