{"id":6462,"date":"2017-12-28T16:19:29","date_gmt":"2017-12-28T16:19:29","guid":{"rendered":"https:\/\/www.biznovator.com\/biznovator-camp-ages-16-20\/"},"modified":"2019-11-25T20:35:14","modified_gmt":"2019-11-26T01:35:14","slug":"biznovator-camp-ages-16-20","status":"publish","type":"page","link":"https:\/\/biznovator.com\/es\/biznovator-camp-ages-16-20\/","title":{"rendered":"BIZNOVATOR CAMP AGES 16-20"},"content":{"rendered":"<div class=\"wpb-content-wrapper\"><p>[vc_row css=\u00bb.vc_custom_1435816078010{margin-bottom: 15px !important;}\u00bb][vc_column width=\u00bb3\/4&#8243;][vc_single_image image=\u00bb1640&#8243; img_size=\u00bbfull\u00bb alignment=\u00bbcenter\u00bb][vc_column_text]<\/p>\n<p style=\"text-align: center;\"><iframe src=\"https:\/\/www.youtube.com\/embed\/ujj7pfq_mfo?rel=0\" width=\"853\" height=\"505\" frameborder=\"0\" allowfullscreen=\"allowfullscreen\"><span data-mce-type=\"bookmark\" style=\"display: inline-block; width: 0px; overflow: hidden; line-height: 0;\" class=\"mce_SELRES_start\">\ufeff<\/span><\/iframe><\/p>\n<p>[\/vc_column_text][vc_column_text]<\/p>\n<p style=\"text-align: justify;\">Durante la experiencia de nuestro campamento de 2 semanas, ense\u00f1amos a j\u00f3venes de todo el mundo habilidades de emprendimiento y mentalidades que los equipan y preparan para lanzar empresas con prop\u00f3sito! Nuestro <span style=\"color: #fdd600;\">Campamento<\/span> BIZNOVATOR est\u00e1 ubicado en un campus de una universidad internacionalmente reconocida en Miami, Florida. A lo largo de este programa de capacitaci\u00f3n , nos enfocamos en los principios b\u00e1sicos del emprendimiento, innovaci\u00f3n social, liderazgo avanzado y empoderamiento. Permitimos los j\u00f3venes vean el emprendimiento como una plataforma para un impacto social positivo. Esto aumenta su conciencia del potencial para vivir una vida independiente y llena de prop\u00f3sito. Capacitamos a la juventud para entender y creer que el \u00e9xito y la felicidad son alcanzables.<\/p>\n<p style=\"text-align: justify;\">M\u00e1s all\u00e1 de nuestra misi\u00f3n de empoderar, ense\u00f1ar y crear j\u00f3venes emprendedores, los campamentos de emprendimiento BIZNOVATOR destinan un tiempo importante para revisar la capacitaci\u00f3n e las 7 Mentalidades, un modelo aclamado internacionalmente que ense\u00f1a a los j\u00f3venes principios simples para aumentar niveles extraordinarios de felicidad, significado y \u00e9xito en la vida. Adem\u00e1s, nuestros j\u00f3venes BIZNOVATOR recorren grandes corporaciones incluidas CISCO Systems, WIX, Starbucks, Newlink y Reserva Federal; aprendiendo de altos ejecutivos las habilidades y lecciones de vida que les ayudar\u00e1n a formar una mentalidad orientada a un prop\u00f3sito.<\/p>\n<p style=\"text-align: justify;\">El <span style=\"color: #fdd600;\">Campamento<\/span> BIZNOVATOR proporcionar\u00e1 un ambiente divertido y seguro donde los j\u00f3venes crecer\u00e1n en conocimiento, confianza y saldr\u00e1n con una mentalidad transformada coloc\u00e1ndolos en el camino hacia el \u00e9xito futuro. Como resultado de participar en el <span style=\"color: #fdd600;\">Campamento<\/span> BIZNOVATOR, los participantes obtendr\u00e1n las habilidades para iniciar sus propios negocios o desarrollar estrategias de innovaci\u00f3n social mientras establecen habilidades de liderazgo que permanecen para toda la vida.<\/p>\n<p>[\/vc_column_text][vc_row_inner][vc_column_inner width=\u00bb1\/2&#8243;][vc_btn title=\u00bbVER EVENTOS\u00bb color=\u00bbprimary\u00bb align=\u00bbcenter\u00bb css_animation=\u00bbfadeIn\u00bb link=\u00bburl:https%3A%2F%2Fwww.biznovator.com%2Fevents%2F|title:REGISTER%20NOW||\u00bb][\/vc_column_inner][vc_column_inner width=\u00bb1\/2&#8243;][vc_btn title=\u00bbSOLICITAR CAMPAMENTO\u00bb color=\u00bbprimary\u00bb align=\u00bbcenter\u00bb css_animation=\u00bbfadeIn\u00bb link=\u00bburl:http%3A%2F%2Fbiznovator.com%2Frequest%2F|title:REGISTER%20NOW||\u00bb][\/vc_column_inner][\/vc_row_inner][stm_multy_separator css=\u00bb.vc_custom_1435819083449{margin-bottom: 64px !important;}\u00bb][stm_experts experts_all=\u00bbno\u00bb expert_slides_per_row=\u00bb2&#8243; experts_title=\u00bbOur Executive Team\u00bb][\/vc_column][vc_column width=\u00bb1\/4&#8243;][vc_widget_sidebar sidebar_id=\u00bbdefault\u00bb][\/vc_column][\/vc_row]<\/p>\n<\/div>","protected":false},"excerpt":{"rendered":"<p>[vc_row css=\u00bb.vc_custom_1435816078010{margin-bottom: 15px !important;}\u00bb][vc_column width=\u00bb3\/4&#8243;][vc_single_image image=\u00bb1640&#8243; img_size=\u00bbfull\u00bb alignment=\u00bbcenter\u00bb][vc_column_text] \ufeff [\/vc_column_text][vc_column_text] Durante la experiencia de nuestro campamento de 2 semanas, ense\u00f1amos a j\u00f3venes de todo el mundo habilidades de emprendimiento y mentalidades que los equipan y preparan para lanzar empresas con prop\u00f3sito! Nuestro Campamento BIZNOVATOR est\u00e1 ubicado en un campus de una universidad internacionalmente reconocida en [&hellip;]<\/p>\n","protected":false},"author":1,"featured_media":0,"parent":0,"menu_order":0,"comment_status":"closed","ping_status":"closed","template":"","meta":{"_acf_changed":false,"footnotes":""},"class_list":["post-6462","page","type-page","status-publish","hentry"],"acf":[],"_links":{"self":[{"href":"https:\/\/biznovator.com\/es\/wp-json\/wp\/v2\/pages\/6462","targetHints":{"allow":["GET"]}}],"collection":[{"href":"https:\/\/biznovator.com\/es\/wp-json\/wp\/v2\/pages"}],"about":[{"href":"https:\/\/biznovator.com\/es\/wp-json\/wp\/v2\/types\/page"}],"author":[{"embeddable":true,"href":"https:\/\/biznovator.com\/es\/wp-json\/wp\/v2\/users\/1"}],"replies":[{"embeddable":true,"href":"https:\/\/biznovator.com\/es\/wp-json\/wp\/v2\/comments?post=6462"}],"version-history":[{"count":0,"href":"https:\/\/biznovator.com\/es\/wp-json\/wp\/v2\/pages\/6462\/revisions"}],"wp:attachment":[{"href":"https:\/\/biznovator.com\/es\/wp-json\/wp\/v2\/media?parent=6462"}],"curies":[{"name":"wp","href":"https:\/\/api.w.org\/{rel}","templated":true}]}}