{"id":6466,"date":"2018-04-07T19:30:18","date_gmt":"2018-04-08T00:30:18","guid":{"rendered":"https:\/\/www.biznovator.com\/biznovator-journey-jumpstart\/"},"modified":"2019-11-25T20:52:05","modified_gmt":"2019-11-26T01:52:05","slug":"biznovator-journey-jumpstart","status":"publish","type":"page","link":"https:\/\/biznovator.com\/es\/biznovator-journey-jumpstart\/","title":{"rendered":"BIZNOVATOR JOURNEY JUMPSTART"},"content":{"rendered":"<div class=\"wpb-content-wrapper\"><p>[vc_row css=\u00bb.vc_custom_1435816078010{margin-bottom: 15px !important;}\u00bb][vc_column width=\u00bb3\/4&#8243;][vc_single_image image=\u00bb2958&#8243; img_size=\u00bbfull\u00bb alignment=\u00bbcenter\u00bb][vc_column_text]<\/p>\n<p style=\"text-align: center;\"><iframe src=\"https:\/\/www.youtube.com\/embed\/JjpdH4XDGDE?rel=0\" width=\"853\" height=\"505\" frameborder=\"0\" allowfullscreen=\"allowfullscreen\"><span data-mce-type=\"bookmark\" style=\"display: inline-block; width: 0px; overflow: hidden; line-height: 0;\" class=\"mce_SELRES_start\">\ufeff<\/span><\/iframe><\/p>\n<p>[\/vc_column_text][vc_column_text]<\/p>\n<p style=\"font-weight: 400;\">Seg\u00fan un estudio reciente el<em><strong> 87% de los estudiantes de secundaria y universitarios se autoprocalman como procrastinadores<\/strong><\/em> (StudyMode, 2014). Tu future es AHORA! El curso Journey JumpStart course es una experiencia estimulante que que te ense\u00f1a los ingredients claves y probados que necesitar\u00e1s para tener \u00e9xito y ser due\u00f1o de tu futuro! En el curso Journey JumpStart tu hijo aprender\u00e1 a tomar Acci\u00f3n con la entrega de su propio Plan de Acci\u00f3n para el \u00e9xito!<\/p>\n<ul>\n<li>Fijaci\u00f3n de Metas<\/li>\n<li>Habilidades y Activos Personales<\/li>\n<li>Las 5 Mejores Estrategias para Maximizar tu Potencial<\/li>\n<\/ul>\n<p>[\/vc_column_text][vc_row_inner][vc_column_inner width=\u00bb1\/2&#8243;][vc_btn title=\u00bbVER EVENTOS\u00bb color=\u00bbprimary\u00bb align=\u00bbcenter\u00bb link=\u00bburl:https%3A%2F%2Fwww.biznovator.com%2Fevents%2F|title:EVENT%20REGISTRATION||\u00bb][\/vc_column_inner][vc_column_inner width=\u00bb1\/2&#8243;][vc_btn title=\u00bbSOLICITAR TALLER\u00bb color=\u00bbprimary\u00bb align=\u00bbcenter\u00bb link=\u00bburl:http%3A%2F%2Fbiznovator.com%2Frequest%2F|title:REQUEST%20NOW||\u00bb][\/vc_column_inner][\/vc_row_inner][stm_multy_separator css=\u00bb.vc_custom_1435819083449{margin-bottom: 64px !important;}\u00bb][stm_experts experts_all=\u00bbno\u00bb expert_slides_per_row=\u00bb2&#8243; experts_title=\u00bbOur Executive Team\u00bb][\/vc_column][vc_column width=\u00bb1\/4&#8243;][vc_widget_sidebar sidebar_id=\u00bbdefault\u00bb][\/vc_column][\/vc_row]<\/p>\n<\/div>","protected":false},"excerpt":{"rendered":"<p>[vc_row css=\u00bb.vc_custom_1435816078010{margin-bottom: 15px !important;}\u00bb][vc_column width=\u00bb3\/4&#8243;][vc_single_image image=\u00bb2958&#8243; img_size=\u00bbfull\u00bb alignment=\u00bbcenter\u00bb][vc_column_text] \ufeff [\/vc_column_text][vc_column_text] Seg\u00fan un estudio reciente el 87% de los estudiantes de secundaria y universitarios se autoprocalman como procrastinadores (StudyMode, 2014). Tu future es AHORA! El curso Journey JumpStart course es una experiencia estimulante que que te ense\u00f1a los ingredients claves y probados que necesitar\u00e1s para tener [&hellip;]<\/p>\n","protected":false},"author":1,"featured_media":0,"parent":0,"menu_order":0,"comment_status":"closed","ping_status":"closed","template":"","meta":{"_acf_changed":false,"footnotes":""},"class_list":["post-6466","page","type-page","status-publish","hentry"],"acf":[],"_links":{"self":[{"href":"https:\/\/biznovator.com\/es\/wp-json\/wp\/v2\/pages\/6466","targetHints":{"allow":["GET"]}}],"collection":[{"href":"https:\/\/biznovator.com\/es\/wp-json\/wp\/v2\/pages"}],"about":[{"href":"https:\/\/biznovator.com\/es\/wp-json\/wp\/v2\/types\/page"}],"author":[{"embeddable":true,"href":"https:\/\/biznovator.com\/es\/wp-json\/wp\/v2\/users\/1"}],"replies":[{"embeddable":true,"href":"https:\/\/biznovator.com\/es\/wp-json\/wp\/v2\/comments?post=6466"}],"version-history":[{"count":0,"href":"https:\/\/biznovator.com\/es\/wp-json\/wp\/v2\/pages\/6466\/revisions"}],"wp:attachment":[{"href":"https:\/\/biznovator.com\/es\/wp-json\/wp\/v2\/media?parent=6466"}],"curies":[{"name":"wp","href":"https:\/\/api.w.org\/{rel}","templated":true}]}}