{"id":6469,"date":"2017-12-28T13:31:19","date_gmt":"2017-12-28T13:31:19","guid":{"rendered":"https:\/\/www.biznovator.com\/biznovator-discover-workshop\/"},"modified":"2019-11-25T20:57:31","modified_gmt":"2019-11-26T01:57:31","slug":"biznovator-discover-workshop","status":"publish","type":"page","link":"https:\/\/biznovator.com\/es\/biznovator-discover-workshop\/","title":{"rendered":"BIZNOVATOR DISCOVER WORKSHOP"},"content":{"rendered":"<div class=\"wpb-content-wrapper\"><p>[vc_row css=\u00bb.vc_custom_1435816078010{margin-bottom: 15px !important;}\u00bb][vc_column width=\u00bb3\/4&#8243;][vc_single_image image=\u00bb1628&#8243; img_size=\u00bbfull\u00bb alignment=\u00bbcenter\u00bb][vc_column_text]<\/p>\n<p style=\"text-align: center;\"><iframe src=\"https:\/\/www.youtube.com\/embed\/-99UuiJTPmo?rel=0\" width=\"853\" height=\"505\" frameborder=\"0\" allowfullscreen=\"allowfullscreen\"><span data-mce-type=\"bookmark\" style=\"display: inline-block; width: 0px; overflow: hidden; line-height: 0;\" class=\"mce_SELRES_start\">\ufeff<\/span><\/iframe><\/p>\n<p>[\/vc_column_text][vc_column_text]<\/p>\n<p style=\"text-align: justify;\">El TALLER BIZNOVATOR <span style=\"color: #3d9be9;\">DISCOVER<\/span> se presenta en programa de 1 o 2 d\u00edas en entorno de grupo dise\u00f1ado espec\u00edficamente para ayudar a su hijo a <span style=\"color: #3d9be9;\">DESCUBRIR<\/span> su prop\u00f3sito, comprender sus motivaciones intr\u00ednsecas y pensar de manera diferente sobre el impacto que pueden tener en sus comunidades locales. Nuestro TALLER <span style=\"color: #3d9be9;\">DISCOVER<\/span> comienza con una evaluaci\u00f3n de las motivaciones intr\u00ednsecas y la mentalidad actual de su hijo con una encuesta r\u00e1pida de 15 minutos. Luego entonces trabajamos con su hijo en un entorno grupal utilizando t\u00e9cnicas de aprendizaje experiencial. Nuestra metodolog\u00eda involucre discusiones sobre la construcci\u00f3n del car\u00e1cter, valores \u00e9ticos y morales. Le ense\u00f1amos a su hijo la forma correcta de saludar a un adulto y elevar su nivel de conciencia social y su confianza en ambientes sociales. Estas son todas un conjunto de habilidades que diferenciar\u00e1n a su hijo y les dar\u00e1n una base s\u00f3lida para su crecimiento futuro. El TALLER BIZNOVATOR <span style=\"color: #3d9be9;\">DISCOVER<\/span> toca luego la metodolog\u00eda de las 7 Mentalidades. Cada estudiante trabajar\u00e1 en su PLAN <span style=\"color: #3d9be9;\">DISCOVER<\/span> individual con el apoyo de los Coaches y Mentores BIZNOVATOR. Se les pedir\u00e1 a los padres que asistan y participen con el grupo cuando sus hijos presentan con orgullo lo que han aprendido. En BIZNOVATOR hemos aprendido que es importante que los padres celebran el comienzo y al final de la experiencia. Organizamos la Ceremonia de Premios de BIZNOVATOR <span style=\"color: #3d9be9;\">DISCOVER<\/span> donde puede compartir el tremendo crecimiento de su hijo. Esta es una magn\u00edfica experiencia y un paso crucial en el viaje de su hijo para descubrir y vivir su pasi\u00f3n y prop\u00f3sito.<\/p>\n<p>[\/vc_column_text][vc_row_inner][vc_column_inner width=\u00bb1\/2&#8243;][vc_btn title=\u00bbVER EVENTOS\u00bb color=\u00bbprimary\u00bb align=\u00bbcenter\u00bb link=\u00bburl:https%3A%2F%2Fwww.biznovator.com%2Fevents%2F|title:EVENT%20REGISTRATION||\u00bb][\/vc_column_inner][vc_column_inner width=\u00bb1\/2&#8243;][vc_btn title=\u00bbSOLICITAR TALLER\u00bb color=\u00bbprimary\u00bb align=\u00bbcenter\u00bb link=\u00bburl:http%3A%2F%2Fbiznovator.com%2Frequest%2F|title:REQUEST%20NOW||\u00bb][\/vc_column_inner][\/vc_row_inner][stm_multy_separator css=\u00bb.vc_custom_1435819083449{margin-bottom: 64px !important;}\u00bb][stm_experts experts_all=\u00bbno\u00bb expert_slides_per_row=\u00bb2&#8243; experts_title=\u00bbOur Executive Team\u00bb][\/vc_column][vc_column width=\u00bb1\/4&#8243;][vc_widget_sidebar sidebar_id=\u00bbdefault\u00bb][\/vc_column][\/vc_row]<\/p>\n<\/div>","protected":false},"excerpt":{"rendered":"<p>[vc_row css=\u00bb.vc_custom_1435816078010{margin-bottom: 15px !important;}\u00bb][vc_column width=\u00bb3\/4&#8243;][vc_single_image image=\u00bb1628&#8243; img_size=\u00bbfull\u00bb alignment=\u00bbcenter\u00bb][vc_column_text] \ufeff [\/vc_column_text][vc_column_text] El TALLER BIZNOVATOR DISCOVER se presenta en programa de 1 o 2 d\u00edas en entorno de grupo dise\u00f1ado espec\u00edficamente para ayudar a su hijo a DESCUBRIR su prop\u00f3sito, comprender sus motivaciones intr\u00ednsecas y pensar de manera diferente sobre el impacto que pueden tener en sus [&hellip;]<\/p>\n","protected":false},"author":1,"featured_media":0,"parent":0,"menu_order":0,"comment_status":"closed","ping_status":"closed","template":"","meta":{"_acf_changed":false,"footnotes":""},"class_list":["post-6469","page","type-page","status-publish","hentry"],"acf":[],"_links":{"self":[{"href":"https:\/\/biznovator.com\/es\/wp-json\/wp\/v2\/pages\/6469","targetHints":{"allow":["GET"]}}],"collection":[{"href":"https:\/\/biznovator.com\/es\/wp-json\/wp\/v2\/pages"}],"about":[{"href":"https:\/\/biznovator.com\/es\/wp-json\/wp\/v2\/types\/page"}],"author":[{"embeddable":true,"href":"https:\/\/biznovator.com\/es\/wp-json\/wp\/v2\/users\/1"}],"replies":[{"embeddable":true,"href":"https:\/\/biznovator.com\/es\/wp-json\/wp\/v2\/comments?post=6469"}],"version-history":[{"count":0,"href":"https:\/\/biznovator.com\/es\/wp-json\/wp\/v2\/pages\/6469\/revisions"}],"wp:attachment":[{"href":"https:\/\/biznovator.com\/es\/wp-json\/wp\/v2\/media?parent=6469"}],"curies":[{"name":"wp","href":"https:\/\/api.w.org\/{rel}","templated":true}]}}