{"id":6485,"date":"2018-10-11T10:32:11","date_gmt":"2018-10-11T15:32:11","guid":{"rendered":"https:\/\/www.biznovator.com\/corporate-eip\/"},"modified":"2019-11-25T21:26:19","modified_gmt":"2019-11-26T02:26:19","slug":"corporate-eip","status":"publish","type":"page","link":"https:\/\/biznovator.com\/es\/corporate-eip\/","title":{"rendered":"CORPORATE EIP"},"content":{"rendered":"<div class=\"wpb-content-wrapper\"><p>[vc_row css=\u00bb.vc_custom_1435816078010{margin-bottom: 15px !important;}\u00bb][vc_column width=\u00bb3\/4&#8243;][vc_single_image image=\u00bb3590&#8243; img_size=\u00bbfull\u00bb alignment=\u00bbcenter\u00bb][vc_column_text]<\/p>\n<p style=\"text-align: justify;\">Este programa est\u00e1 dise\u00f1ado espec\u00edficamente para aportar valor a la \u201cunidad familiar de empleados\u201d a trav\u00e9s de un Programa de Incentivo para Empleados (PIE). Como las empresas saben muy bien, no hay activo m\u00e1s valioso que un capital humano que ha sido desarrollado y nutrido dentro de la empresa. BIZNOVATOR reconoce las brechas que existen dentro de las corporaciones tradicionales y su capacidad para mantener y hacer crecer a sus mejores colaboradores. Entendemos la necesidad de m\u00e1s programas que se centren en toda la \u201cunidad familiar de empleados\u201d y c\u00f3mo este enfoque genera una fuerte lealtad y alta tasa de retenci\u00f3n de empleados. Adem\u00e1s, entendemos que la brecha generacional entre Generaci\u00f3n Z, Millennials y Generaci\u00f3n X es significativa. Es imprescindibles que las empresas se vuelvan m\u00e1s conscientes y se comprometan a desarrollar la fuerza laboral de la pr\u00f3xima generaci\u00f3n a una edad a\u00fan m\u00e1s joven al tiempo de aportar un tremendo valor a las familias de sus colaboradores. Dado este contexto, BIZNOVATOR ha desarrollado el programa BIZNOVATOR PIE dise\u00f1ado espec\u00edficamente para empoderar los hijos de los empleados entre las edades de 8-20 a\u00f1os. Llevamos nuestros programas de clase mundial a su corporaci\u00f3n para que los hijos de empleados se empoderen en los principios del emprendimiento, innovaci\u00f3n social y liderazgo. Nuestros programas son personalizables para satisfacer las necesidades espec\u00edficas de la empresa y son desarrollados en colaboraci\u00f3n con nuestros socios.<\/p>\n<p>[\/vc_column_text][vc_row_inner][vc_column_inner width=\u00bb1\/2&#8243;][vc_btn title=\u00bbDESCARGAR BROCHURE\u00bb color=\u00bbprimary\u00bb align=\u00bbcenter\u00bb css_animation=\u00bbfadeIn\u00bb link=\u00bburl:https%3A%2F%2Fwww.biznovator.com%2Fwp-content%2Fuploads%2F2018%2F10%2FBIZNOVATOR-E-I-P-I-V.pdf|title:DOWNLOAD%20BROCHURE|target:%20_blank|\u00bb][\/vc_column_inner][vc_column_inner width=\u00bb1\/2&#8243;][vc_btn title=\u00bbSOLICITAR PIE CORPORATIVO\u00bb color=\u00bbprimary\u00bb align=\u00bbcenter\u00bb css_animation=\u00bbfadeIn\u00bb link=\u00bburl:https%3A%2F%2Fwww.biznovator.com%2Frequest-csr%2F|title:REQUEST%20NOW||\u00bb][\/vc_column_inner][\/vc_row_inner][stm_multy_separator css=\u00bb.vc_custom_1435819083449{margin-bottom: 64px !important;}\u00bb][stm_experts experts_all=\u00bbno\u00bb expert_slides_per_row=\u00bb2&#8243; experts_title=\u00bbOur Executive Team\u00bb][\/vc_column][vc_column width=\u00bb1\/4&#8243;][vc_widget_sidebar sidebar_id=\u00bbdefault\u00bb][\/vc_column][\/vc_row]<\/p>\n<\/div>","protected":false},"excerpt":{"rendered":"<p>[vc_row css=\u00bb.vc_custom_1435816078010{margin-bottom: 15px !important;}\u00bb][vc_column width=\u00bb3\/4&#8243;][vc_single_image image=\u00bb3590&#8243; img_size=\u00bbfull\u00bb alignment=\u00bbcenter\u00bb][vc_column_text] Este programa est\u00e1 dise\u00f1ado espec\u00edficamente para aportar valor a la \u201cunidad familiar de empleados\u201d a trav\u00e9s de un Programa de Incentivo para Empleados (PIE). Como las empresas saben muy bien, no hay activo m\u00e1s valioso que un capital humano que ha sido desarrollado y nutrido dentro de [&hellip;]<\/p>\n","protected":false},"author":1,"featured_media":0,"parent":0,"menu_order":0,"comment_status":"closed","ping_status":"closed","template":"","meta":{"_acf_changed":false,"footnotes":""},"class_list":["post-6485","page","type-page","status-publish","hentry"],"acf":[],"_links":{"self":[{"href":"https:\/\/biznovator.com\/es\/wp-json\/wp\/v2\/pages\/6485","targetHints":{"allow":["GET"]}}],"collection":[{"href":"https:\/\/biznovator.com\/es\/wp-json\/wp\/v2\/pages"}],"about":[{"href":"https:\/\/biznovator.com\/es\/wp-json\/wp\/v2\/types\/page"}],"author":[{"embeddable":true,"href":"https:\/\/biznovator.com\/es\/wp-json\/wp\/v2\/users\/1"}],"replies":[{"embeddable":true,"href":"https:\/\/biznovator.com\/es\/wp-json\/wp\/v2\/comments?post=6485"}],"version-history":[{"count":0,"href":"https:\/\/biznovator.com\/es\/wp-json\/wp\/v2\/pages\/6485\/revisions"}],"wp:attachment":[{"href":"https:\/\/biznovator.com\/es\/wp-json\/wp\/v2\/media?parent=6485"}],"curies":[{"name":"wp","href":"https:\/\/api.w.org\/{rel}","templated":true}]}}