{"id":6488,"date":"2018-10-11T10:45:07","date_gmt":"2018-10-11T15:45:07","guid":{"rendered":"https:\/\/www.biznovator.com\/corporate-prep\/"},"modified":"2019-11-25T21:28:54","modified_gmt":"2019-11-26T02:28:54","slug":"corporate-prep","status":"publish","type":"page","link":"https:\/\/biznovator.com\/es\/corporate-prep\/","title":{"rendered":"CORPORATE PREP"},"content":{"rendered":"<div class=\"wpb-content-wrapper\"><p>[vc_row css=\u00bb.vc_custom_1435816078010{margin-bottom: 15px !important;}\u00bb][vc_column width=\u00bb3\/4&#8243;][vc_single_image image=\u00bb3597&#8243; img_size=\u00bbfull\u00bb alignment=\u00bbcenter\u00bb][vc_column_text]<\/p>\n<p style=\"text-align: justify;\">BIZNOVATOR ha desarrollado una oferta \u00fanica en Asociaci\u00f3n con organizaciones de Recursos Humanos Corporativos para permitir a su empresa capacitar y empoderar a la fuerza laboral de la pr\u00f3xima generaci\u00f3n . El programa BIZNOVATOR CORPORATE PREP le permite a su organizaci\u00f3n asociarse con institutos y universidades para establecer un s\u00f3lido programa de empoderamiento para los estudiantes universitarios de hoy. Personalizamos este programa para asegurarnos de involucrar a sus empleados y al mismo tiempo permitir a su organizaci\u00f3n de Recursos Humanos participar en el potencial de crecimiento de los potenciales candidatos de empleo, en tiempo real. Piense en ello como un proceso extendido de entrevista en el que los participantes de BIZNOVATOR aprenden habilidades valiosas y rentables que los preparar\u00e1n mejor para su futuro empleo y al mismo tiempo retribuir a la comunidad, todo con la participaci\u00f3n activa de su empresa. Nuestro programa BIZNOVATOR CORPORATE PREP es completamente personalizable.<\/p>\n<p style=\"text-align: justify;\">A continuaci\u00f3n, se muestra un ejemplo del contenido del programa:<\/p>\n<ul>\n<li>7 Mentalidades \/ Desarrollo y Crecimiento Personal<\/li>\n<li>Preparaci\u00f3n Profesional<\/li>\n<li>Liderazgo<\/li>\n<li>Din\u00e1micas de Equipos con retos al aire libre<\/li>\n<li>Emprendimiento\/Intraemprendimiento e Innovaci\u00f3n<\/li>\n<li>Ideacci\u00f3n \/ Pensamiento de Dise\u00f1o \/ Disrupci\u00f3n Tecnol\u00f3gica<\/li>\n<li>Planificaci\u00f3n de Negocios (Emprendimiento e Innovaci\u00f3n)<\/li>\n<li>Compromiso Ejecutivo \u2013 Mentor\u00eda y Coaching<\/li>\n<li>Concurso de Planes de Negocios<\/li>\n<li>Capital Semilla<\/li>\n<li>6 seminarios en l\u00ednea mensuales de crecimiento y desarrollo para todos los estudiantes.<\/li>\n<li>6 meses de seguimiento con coaching grupal<\/li>\n<li>Servicios de colocaci\u00f3n de pasant\u00edas<\/li>\n<\/ul>\n<p>[\/vc_column_text][vc_row_inner][vc_column_inner width=\u00bb1\/2&#8243;][vc_btn title=\u00bbDESCARGAR BROCHURE\u00bb color=\u00bbprimary\u00bb align=\u00bbcenter\u00bb css_animation=\u00bbfadeIn\u00bb link=\u00bburl:https%3A%2F%2Fwww.biznovator.com%2Fwp-content%2Fuploads%2F2018%2F10%2FBIZNOVATOR-CORPORATE-PREP-I-V.pdf|title:DOWNLOAD%20BROCHURE|target:%20_blank|\u00bb][\/vc_column_inner][vc_column_inner width=\u00bb1\/2&#8243;][vc_btn title=\u00bbSOLICITAR PREPARACI\u00d3N CORPORATIVA\u00bb color=\u00bbprimary\u00bb align=\u00bbcenter\u00bb css_animation=\u00bbfadeIn\u00bb link=\u00bburl:http%3A%2F%2Fbiznovator.com%2Frequest-csr%2F|title:REQUEST%20NOW||\u00bb][\/vc_column_inner][\/vc_row_inner][stm_multy_separator css=\u00bb.vc_custom_1435819083449{margin-bottom: 64px !important;}\u00bb][stm_experts experts_all=\u00bbno\u00bb expert_slides_per_row=\u00bb2&#8243; experts_title=\u00bbOur Executive Team\u00bb][\/vc_column][vc_column width=\u00bb1\/4&#8243;][vc_widget_sidebar sidebar_id=\u00bbdefault\u00bb][\/vc_column][\/vc_row]<\/p>\n<\/div>","protected":false},"excerpt":{"rendered":"<p>[vc_row css=\u00bb.vc_custom_1435816078010{margin-bottom: 15px !important;}\u00bb][vc_column width=\u00bb3\/4&#8243;][vc_single_image image=\u00bb3597&#8243; img_size=\u00bbfull\u00bb alignment=\u00bbcenter\u00bb][vc_column_text] BIZNOVATOR ha desarrollado una oferta \u00fanica en Asociaci\u00f3n con organizaciones de Recursos Humanos Corporativos para permitir a su empresa capacitar y empoderar a la fuerza laboral de la pr\u00f3xima generaci\u00f3n . El programa BIZNOVATOR CORPORATE PREP le permite a su organizaci\u00f3n asociarse con institutos y universidades para [&hellip;]<\/p>\n","protected":false},"author":1,"featured_media":0,"parent":0,"menu_order":0,"comment_status":"closed","ping_status":"closed","template":"","meta":{"_acf_changed":false,"footnotes":""},"class_list":["post-6488","page","type-page","status-publish","hentry"],"acf":[],"_links":{"self":[{"href":"https:\/\/biznovator.com\/es\/wp-json\/wp\/v2\/pages\/6488","targetHints":{"allow":["GET"]}}],"collection":[{"href":"https:\/\/biznovator.com\/es\/wp-json\/wp\/v2\/pages"}],"about":[{"href":"https:\/\/biznovator.com\/es\/wp-json\/wp\/v2\/types\/page"}],"author":[{"embeddable":true,"href":"https:\/\/biznovator.com\/es\/wp-json\/wp\/v2\/users\/1"}],"replies":[{"embeddable":true,"href":"https:\/\/biznovator.com\/es\/wp-json\/wp\/v2\/comments?post=6488"}],"version-history":[{"count":0,"href":"https:\/\/biznovator.com\/es\/wp-json\/wp\/v2\/pages\/6488\/revisions"}],"wp:attachment":[{"href":"https:\/\/biznovator.com\/es\/wp-json\/wp\/v2\/media?parent=6488"}],"curies":[{"name":"wp","href":"https:\/\/api.w.org\/{rel}","templated":true}]}}