{"id":6491,"date":"2018-10-11T10:58:05","date_gmt":"2018-10-11T15:58:05","guid":{"rendered":"https:\/\/www.biznovator.com\/csr-community\/"},"modified":"2019-11-25T21:31:11","modified_gmt":"2019-11-26T02:31:11","slug":"csr-community","status":"publish","type":"page","link":"https:\/\/biznovator.com\/es\/csr-community\/","title":{"rendered":"CSR COMMUNITY"},"content":{"rendered":"<div class=\"wpb-content-wrapper\"><p>[vc_row css=\u00bb.vc_custom_1435816078010{margin-bottom: 15px !important;}\u00bb][vc_column width=\u00bb3\/4&#8243;][vc_single_image image=\u00bb3602&#8243; img_size=\u00bbfull\u00bb alignment=\u00bbcenter\u00bb][vc_column_text]<\/p>\n<p style=\"text-align: justify;\">EN BIZNOVATOR hemos elegido alinear nuestros programas y nuestra metodolog\u00eda de aprendizaje experiencial con los Objetivos de Desarrollo Sostenible (ODSs) de las Naciones Unidas (ONU). Sabemos que ahora m\u00e1s que nunca el mundo necesita de compa\u00f1\u00edas m\u00e1s conscientes que prioricen la sostenibilidad como un impulsor clave para ayudarlos a cumplir sus objetivos empresariales. Los gobiernos, los ciudadanos y lo que es m\u00e1s importante, la fuerza laboral de la pr\u00f3xima generaci\u00f3n priorizan la sostenibilidad como un factor clave para el progreso social y un futuro equitativo para todos. Estas son fuerzas macro que son de naturaleza global y solo va a continuar ganando impulso. Por esa raz\u00f3n, BIZNOVATOR ha desarrollado nuestro Programa de COMUNIDAD RSC BIZNOVATOR que permite a las empresas mapear directamente a los ODSs de la ONU mientras producen un impacto en el mundo real a trav\u00e9s del empoderamiento de la juventud en las comunidades donde operan.<\/p>\n<p style=\"text-align: justify;\">Nuestro programa incluye la metodolog\u00eda completa de aprendizaje experiencial <span style=\"color: #3d9be9;\">DESCUBRIR<\/span>, <span style=\"color: #f16622;\">TRANSFORMAR<\/span>, <span style=\"color: #fad627;\">CONECTAR<\/span>. Para que los j\u00f3venes de hoy alcancen con \u00e9xito su potencial futuro en un mercado r\u00e1pidamente cambiante, ellos requieren una exposici\u00f3n temprana a una amplia gama de ense\u00f1anzas y habilidades. Estas son las habilidades que los l\u00edderes empresariales, profesionales y emprendedores m\u00e1s exitosos del mundo poseen y exhiben diariamente. Estas incluyen: liderazgo avanzado, toma de decisiones, comunicaciones, trabajo en equipo, planificaci\u00f3n financiera y estrat\u00e9gica.<\/p>\n<p style=\"text-align: justify;\">El Programa de COMUNIDAD RSC BIZNOVATOR es completamente personalizable y desarrollado en un enfoque de colaboraci\u00f3n con nuestros socios corporativos. Hemos visto resultados sorprendentes con nuestros j\u00f3venes y vemos la necesidad de que incluso m\u00e1s corporaciones se comprometan a desarrollar el capital humano a una edad a\u00fan m\u00e1s temprana.<\/p>\n<p>[\/vc_column_text][vc_row_inner][vc_column_inner width=\u00bb1\/2&#8243;][vc_btn title=\u00bbDESCARCAR BROCHURE\u00bb color=\u00bbprimary\u00bb align=\u00bbcenter\u00bb css_animation=\u00bbfadeIn\u00bb link=\u00bburl:https%3A%2F%2Fwww.biznovator.com%2Fwp-content%2Fuploads%2F2018%2F10%2FBIZNOVATOR-CSR-COMMUNITY-I-V.pdf|title:DOWNLOAD%20BROCHURE|target:%20_blank|\u00bb][\/vc_column_inner][vc_column_inner width=\u00bb1\/2&#8243;][vc_btn title=\u00bbSOLICITAR COMUNIDAD RSC\u00bb color=\u00bbprimary\u00bb align=\u00bbcenter\u00bb css_animation=\u00bbfadeIn\u00bb link=\u00bburl:http%3A%2F%2Fbiznovator.com%2Frequest-csr%2F|title:REQUEST%20NOW||\u00bb][\/vc_column_inner][\/vc_row_inner][stm_multy_separator css=\u00bb.vc_custom_1435819083449{margin-bottom: 64px !important;}\u00bb][stm_experts experts_all=\u00bbno\u00bb expert_slides_per_row=\u00bb2&#8243; experts_title=\u00bbOur Executive Team\u00bb][\/vc_column][vc_column width=\u00bb1\/4&#8243;][vc_widget_sidebar sidebar_id=\u00bbdefault\u00bb][\/vc_column][\/vc_row]<\/p>\n<\/div>","protected":false},"excerpt":{"rendered":"<p>[vc_row css=\u00bb.vc_custom_1435816078010{margin-bottom: 15px !important;}\u00bb][vc_column width=\u00bb3\/4&#8243;][vc_single_image image=\u00bb3602&#8243; img_size=\u00bbfull\u00bb alignment=\u00bbcenter\u00bb][vc_column_text] EN BIZNOVATOR hemos elegido alinear nuestros programas y nuestra metodolog\u00eda de aprendizaje experiencial con los Objetivos de Desarrollo Sostenible (ODSs) de las Naciones Unidas (ONU). Sabemos que ahora m\u00e1s que nunca el mundo necesita de compa\u00f1\u00edas m\u00e1s conscientes que prioricen la sostenibilidad como un impulsor clave para [&hellip;]<\/p>\n","protected":false},"author":1,"featured_media":0,"parent":0,"menu_order":0,"comment_status":"closed","ping_status":"closed","template":"","meta":{"_acf_changed":false,"footnotes":""},"class_list":["post-6491","page","type-page","status-publish","hentry"],"acf":[],"_links":{"self":[{"href":"https:\/\/biznovator.com\/es\/wp-json\/wp\/v2\/pages\/6491","targetHints":{"allow":["GET"]}}],"collection":[{"href":"https:\/\/biznovator.com\/es\/wp-json\/wp\/v2\/pages"}],"about":[{"href":"https:\/\/biznovator.com\/es\/wp-json\/wp\/v2\/types\/page"}],"author":[{"embeddable":true,"href":"https:\/\/biznovator.com\/es\/wp-json\/wp\/v2\/users\/1"}],"replies":[{"embeddable":true,"href":"https:\/\/biznovator.com\/es\/wp-json\/wp\/v2\/comments?post=6491"}],"version-history":[{"count":0,"href":"https:\/\/biznovator.com\/es\/wp-json\/wp\/v2\/pages\/6491\/revisions"}],"wp:attachment":[{"href":"https:\/\/biznovator.com\/es\/wp-json\/wp\/v2\/media?parent=6491"}],"curies":[{"name":"wp","href":"https:\/\/api.w.org\/{rel}","templated":true}]}}