{"id":6497,"date":"2018-11-08T09:59:50","date_gmt":"2018-11-08T14:59:50","guid":{"rendered":"https:\/\/www.biznovator.com\/mybiznovator\/"},"modified":"2019-11-25T21:36:45","modified_gmt":"2019-11-26T02:36:45","slug":"mybiznovator","status":"publish","type":"page","link":"https:\/\/biznovator.com\/es\/mybiznovator\/","title":{"rendered":"MyBiznovator"},"content":{"rendered":"<div class=\"wpb-content-wrapper\"><p>[vc_row][vc_column width=\u00bb3\/4&#8243;][vc_custom_heading text=\u00bbQUE ES MyBIZNOVATOR?\u00bb font_container=\u00bbtag:h2|text_align:center\u00bb use_theme_fonts=\u00bbyes\u00bb css=\u00bb.vc_custom_1574735770054{margin-bottom: 37px !important;}\u00bb el_id=\u00bbmybiznovator\u00bb][vc_column_text]<\/p>\n<p style=\"text-align: center;\">Mi BIZNOVATOR es una plataforma digital \u00fanica y s\u00f3lida que brinda a los j\u00f3venes la posibilidad de experimentar nuestro contenido de clase mundial BIZNOVATOR en l\u00ednea.<br \/>\nDentro del contenido encontrar\u00e1 video blogs gratuitos as\u00ed como nuestro contenido de subscripci\u00f3n para BIZNOVATOR Discover, Transform y Connect.<br \/>\nConvi\u00e9rtete en un BIZNOVATOR hoy!<\/p>\n<p>[\/vc_column_text][vc_raw_html]JTNDdWwlMjBjbGFzcyUzRCUyMnN0bS1jb3Vyc2VzJTIwcm93JTIwbGlzdC11bnN0eWxlZCUyMiUzRSUwOSUwOSUwQSUwOSUwOSUwOSUwOSUwOSUwOSUwOSUwOSUwQSUwOSUwOSUwOSUwOSUwOSUwOSUwOSUwOSUwOSUwOSUwOSUwOSUwQSUwOSUwOSUwOSUwOSUwOSUwOSUwOSUwQSUwOSUwOSUwOSUwOSUwOSUwOSUwOSUwOSUwQSUzQyUyMS0tJTIwQ3VzdG9tJTIwTWV0YSUyMC0tJTNFJTBBJTBBJTBBJTNDbGklMjBjbGFzcyUzRCUyMmNvbC1tZC1vZmZzZXQtNC01JTIwc29sLXNtLW9mZnNldC00LTUlMjBjb2wtbWQtMyUyMGNvbC1zbS0zJTIwY29sLXhzLTYlMjBjb3Vyc2UtY29sJTIwZmlyc3QlMjBwcm9kdWN0JTIwdHlwZS1wcm9kdWN0JTIwc3RhdHVzLXB1Ymxpc2glMjBoYXMtcG9zdC10aHVtYm5haWwlMjBwcm9kdWN0X2NhdC1idXNpbmVzcy1tYW5hZ2VtZW50JTIwcHJvZHVjdF9jYXQtbG9naWNhbC10aGlua2luZyUyMHNhbGUlMjBmZWF0dXJlZCUyMHNoaXBwaW5nLXRheGFibGUlMjBwdXJjaGFzYWJsZSUyMHByb2R1Y3QtdHlwZS1zaW1wbGUlMjBwcm9kdWN0LWNhdC1idXNpbmVzcy1tYW5hZ2VtZW50JTIwcHJvZHVjdC1jYXQtbG9naWNhbC10aGlua2luZyUyMGluc3RvY2slMjIlM0UlMEElMEElMDklMDklMEElMDklM0NkaXYlMjBjbGFzcyUzRCUyMnN0bV9hcmNoaXZlX3Byb2R1Y3RfaW5uZXJfdW5pdCUyMGhlYWRpbmdfZm9udCUyMiUzRSUwQSUwOSUwOSUzQ2RpdiUyMGNsYXNzJTNEJTIyc3RtX2FyY2hpdmVfcHJvZHVjdF9pbm5lcl91bml0X2NlbnRlcmVkJTIyJTNFJTA5JTBBJTA5JTA5JTA5JTBBJTA5JTA5JTA5JTNDZGl2JTIwY2xhc3MlM0QlMjJzdG1fZmVhdHVyZWRfcHJvZHVjdF9pbWFnZSUyMiUzRSUwQSUwOSUwOSUwOSUwOSUwOSUwOSUwOSUwOSUwOSUwQSUwOSUwOSUwOSUwOSUwOSUwOSUwOSUwOSUwQSUwOSUwOSUwOSUwOSUwOSUwOSUwOSUwOSUwOSUzQ2ElMjBocmVmJTNEJTIyaHR0cHMlM0ElMkYlMkZ3d3cubXliaXpub3ZhdG9yLmNvbSUyRiUyMiUyMCUyMGNsYXNzJTNEJTIyc3RtX2ZlYXR1cmVkX3Byb2R1Y3RfYm9keSUyMiUyMHRpdGxlJTNEJTIyTVklMjBCSVpOT1ZBVE9SJTIyJTNFJTBBJTA5JTA5JTA5JTA5JTA5JTA5JTNDaW1nJTIwd2lkdGglM0QlMjIyNzAlMjIlMjBoZWlnaHQlM0QlMjIyODMlMjIlMjBzcmMlM0QlMjJodHRwcyUzQSUyRiUyRnd3dy5iaXpub3ZhdG9yLmNvbSUyRndwLWNvbnRlbnQlMkZ1cGxvYWRzJTJGMjAxOCUyRjAxJTJGQi1NWUJJWk5PVkFUT1IucG5nJTIyJTIwY2xhc3MlM0QlMjJpbWctcmVzcG9uc2l2ZSUyMHdwLXBvc3QtaW1hZ2UlMjBncm93JTIyJTIwYWx0JTNEJTIydGltZS1tYW5hZ2VtZW50JTIyJTNFJTA5JTA5JTA5JTA5JTA5JTNDJTJGYSUzRSUwQSUwOSUwOSUwOSUwOSUwOSUwOSUwOSUwOSUwQSUwOSUwOSUwOSUzQyUyRmRpdiUzRSUwQSUwOSUwOSUwQSUwOSUwOSUwQSUwOSUwOSUwOSUwQSUwOSUwOSUwOSUzQ2RpdiUyMGNsYXNzJTNEJTIyc3RtX2ZlYXR1cmVkX3Byb2R1Y3RfZm9vdGVyJTIyJTNFJTBBJTA5JTA5JTA5JTA5JTNDZGl2JTIwY2xhc3MlM0QlMjJjbGVhcmZpeCUyMiUzRSUwQSUwOSUwOSUwOSUwOSUwOSUwQSUwOSUwOSUwOSUwOSUwOSUzQ2RpdiUyMGNsYXNzJTNEJTIyJTIyJTNFJTBBJTA5JTA5JTA5JTA5JTA5JTA5JTBBJTA5JTNDYSUyMGhyZWYlM0QlMjJodHRwcyUzQSUyRiUyRnd3dy5teWJpem5vdmF0b3IuY29tJTJGJTIyJTIwdGl0bGUlM0QlMjJNWSUyMEJJWk5PVkFUT1IlMjIlM0UlMEElMDklMDklMDklMDklMDklM0NkaXYlMjBjbGFzcyUzRCUyMnRpdGxlJTIyJTIwc3R5bGUlM0QlMjJ0ZXh0LWFsaWduJTNBY2VudGVyJTIyJTNFTVklMjBCSVpOT1ZBVE9SJTNDJTJGZGl2JTNFJTBBJTA5JTA5JTA5JTA5JTNDJTJGYSUzRSUwQSUwOSUwQSUwOSUwOSUwOSUwOSUwOSUzQyUyRmRpdiUzRSUwQSUwOSUwOSUwOSUwOSUzQyUyRmRpdiUzRSUwQSUwOSUwOSUwOSUwOSUwQSUwOSUwOSUwOSUwOSUzQ2RpdiUyMGNsYXNzJTNEJTIyc3RtX2ZlYXR1cmVkX3Byb2R1Y3Rfc2hvd19tb3JlJTIyJTNFJTBBJTA5JTA5JTA5JTA5JTA5JTNDYSUyMGNsYXNzJTNEJTIyYnRuJTIwYnRuLWRlZmF1bHQlMjIlMjBocmVmJTNEJTIyaHR0cHMlM0ElMkYlMkZ3d3cubXliaXpub3ZhdG9yLmNvbSUyRiUyMiUyMHRpdGxlJTNEJTIyTGVhcm4lMjBtb3JlJTIyJTNFTGVhcm4lMjBtb3JlJTNDJTJGYSUzRSUwQSUwOSUwOSUwOSUwOSUzQyUyRmRpdiUzRSUwQSUwOSUwOSUwOSUzQyUyRmRpdiUzRSUwOSUwOSUwOSUwQSUwOSUwOSUwOSUwQSUwOSUwOSUzQyUyRmRpdiUzRSUyMCUzQyUyMS0tJTIwc3RtX2FyY2hpdmVfcHJvZHVjdF9pbm5lcl91bml0X2NlbnRlcmVkJTIwLS0lM0UlMDklMDklMEElMDklM0MlMkZkaXYlM0UlMjAlM0MlMjEtLSUyMHN0bV9hcmNoaXZlX3Byb2R1Y3RfaW5uZXJfdW5pdCUyMC0tJTNFJTBBJTNDJTJGbGklM0UlMEElMDklMDklMDklMDklMDklMDklMDklMEElMDklMDklMDklMEElMDklMDklMDklMDklMDklMDklMDklMEElM0MlMkZ1bCUzRQ==[\/vc_raw_html][\/vc_column][vc_column width=\u00bb1\/4&#8243;][vc_widget_sidebar sidebar_id=\u00bbdefault\u00bb][\/vc_column][\/vc_row]<\/p>\n<\/div>","protected":false},"excerpt":{"rendered":"<p>[vc_row][vc_column width=\u00bb3\/4&#8243;][vc_custom_heading text=\u00bbQUE ES MyBIZNOVATOR?\u00bb font_container=\u00bbtag:h2|text_align:center\u00bb use_theme_fonts=\u00bbyes\u00bb css=\u00bb.vc_custom_1574735770054{margin-bottom: 37px !important;}\u00bb el_id=\u00bbmybiznovator\u00bb][vc_column_text] Mi BIZNOVATOR es una plataforma digital \u00fanica y s\u00f3lida que brinda a los j\u00f3venes la posibilidad de experimentar nuestro contenido de clase mundial BIZNOVATOR en l\u00ednea. Dentro del contenido encontrar\u00e1 video blogs gratuitos as\u00ed como nuestro contenido de subscripci\u00f3n para BIZNOVATOR Discover, Transform y [&hellip;]<\/p>\n","protected":false},"author":1,"featured_media":0,"parent":0,"menu_order":0,"comment_status":"closed","ping_status":"closed","template":"","meta":{"_acf_changed":false,"footnotes":""},"class_list":["post-6497","page","type-page","status-publish","hentry"],"acf":[],"_links":{"self":[{"href":"https:\/\/biznovator.com\/es\/wp-json\/wp\/v2\/pages\/6497","targetHints":{"allow":["GET"]}}],"collection":[{"href":"https:\/\/biznovator.com\/es\/wp-json\/wp\/v2\/pages"}],"about":[{"href":"https:\/\/biznovator.com\/es\/wp-json\/wp\/v2\/types\/page"}],"author":[{"embeddable":true,"href":"https:\/\/biznovator.com\/es\/wp-json\/wp\/v2\/users\/1"}],"replies":[{"embeddable":true,"href":"https:\/\/biznovator.com\/es\/wp-json\/wp\/v2\/comments?post=6497"}],"version-history":[{"count":0,"href":"https:\/\/biznovator.com\/es\/wp-json\/wp\/v2\/pages\/6497\/revisions"}],"wp:attachment":[{"href":"https:\/\/biznovator.com\/es\/wp-json\/wp\/v2\/media?parent=6497"}],"curies":[{"name":"wp","href":"https:\/\/api.w.org\/{rel}","templated":true}]}}