{"id":5180,"date":"2019-08-10T12:50:50","date_gmt":"2019-08-10T16:50:50","guid":{"rendered":"https:\/\/www.biznovator.com\/?post_type=product&#038;p=5180"},"modified":"2019-08-10T12:50:50","modified_gmt":"2019-08-10T16:50:50","slug":"biznovator-start-up-bootcamp","status":"publish","type":"product","link":"https:\/\/biznovator.com\/es\/producto\/biznovator-start-up-bootcamp\/","title":{"rendered":"BIZNOVATOR START-UP BOOTCAMP"},"content":{"rendered":"<div class=\"wpb-content-wrapper\"><p>[vc_row][vc_column][vc_column_text]<\/p>\n<h3>BIZNOVATOR START-UP BOOTCAMP<\/h3>\n<table class=\"event_date_info_table\">\n<tbody>\n<tr>\n<td class=\"event_info\">\n<div class=\"event_date_info\">\n<div class=\"event_date_info_unit event_start\">\n<div class=\"event_labels heading_font\"><i class=\"fa fa-clock-o\"><\/i>Inicio:<\/div>\n<p>Septiembre 13, 2019<\/p>\n<\/div>\n<div class=\"event_date_info_unit event_end\">\n<div class=\"event_labels heading_font\">Fin:<\/div>\n<p>Septiembre 15, 2019<\/p>\n<\/div>\n<div class=\"event_date_info_unit event_location\">\n<div class=\"event_labels heading_font\"><i class=\"fa fa-map-marker\"><\/i>Lugar:<\/div>\n<p>Centro Cultural Dom\u00ednico Americano, Ave. Estrella Sadhal\u00e1 casi esq Rep. de Argentina, Santiago, Rep\u00fablica Dominicana.<\/p>\n<\/div>\n<div class=\"event_date_info_unit\">\n<div class=\"event_labels heading_font\"><i class=\"fa fa-usd\"><\/i>Inversi\u00f3n:<\/div>\n<p>USD $250.00 por estudiante<\/p>\n<\/div>\n<\/div>\n<\/td>\n<\/tr>\n<\/tbody>\n<\/table>\n<h3><span style=\"font-size: 16px;\"><br \/>\nINCLUYE:<\/span><\/h3>\n<ul>\n<li>Dieta (Desayuno, Almuerzo y Meriendas)<\/li>\n<li>Contenido<\/li>\n<li>Suministros<\/li>\n<li>Actividades Grupales<\/li>\n<li>Evaluaciones<\/li>\n<li>Transimisi\u00f3n v\u00eda LiveStream Para Padres<\/li>\n<li>Seguimiento Grupal v\u00eda WhatsApp<\/li>\n<\/ul>\n<h3><span style=\"font-size: 16px;\">BENEFICIOS<\/span><\/h3>\n<ul>\n<li>Certificado de Participaci\u00f3n<\/li>\n<li>Membres\u00eda al BIN (Biznovator International Network)<\/li>\n<li>Business Plan Coaching<\/li>\n<li>Elaboraci\u00f3n de Plan de Negocios<\/li>\n<li>Competencia de Business Plan Pitch<\/li>\n<li>Ceremonia de Graduaci\u00f3n<\/li>\n<li>Charla y Actividades con los Padres<\/li>\n<\/ul>\n<p>[\/vc_column_text][\/vc_column][\/vc_row]<\/p>\n<\/div>","protected":false},"excerpt":{"rendered":"<p>[vc_row][vc_column][vc_column_text] BIZNOVATOR START-UP BOOTCAMP Inicio: Septiembre 13, 2019 Fin: Septiembre 15, 2019 Lugar: Centro Cultural Dom\u00ednico Americano, Ave. Estrella Sadhal\u00e1 casi esq Rep. de Argentina, Santiago, Rep\u00fablica Dominicana. Inversi\u00f3n: USD $250.00 por estudiante INCLUYE: Dieta (Desayuno, Almuerzo y Meriendas) Contenido Suministros Actividades Grupales Evaluaciones Transimisi\u00f3n v\u00eda LiveStream Para Padres Seguimiento Grupal v\u00eda WhatsApp BENEFICIOS Certificado [&hellip;]<\/p>\n","protected":false},"featured_media":5182,"template":"","meta":{"_acf_changed":false},"product_brand":[],"product_cat":[71],"product_tag":[],"class_list":{"0":"post-5180","1":"product","2":"type-product","3":"status-publish","4":"has-post-thumbnail","6":"product_cat-camp","8":"first","9":"instock","10":"shipping-taxable","11":"purchasable","12":"product-type-simple"},"acf":[],"_links":{"self":[{"href":"https:\/\/biznovator.com\/es\/wp-json\/wp\/v2\/product\/5180","targetHints":{"allow":["GET"]}}],"collection":[{"href":"https:\/\/biznovator.com\/es\/wp-json\/wp\/v2\/product"}],"about":[{"href":"https:\/\/biznovator.com\/es\/wp-json\/wp\/v2\/types\/product"}],"version-history":[{"count":0,"href":"https:\/\/biznovator.com\/es\/wp-json\/wp\/v2\/product\/5180\/revisions"}],"wp:featuredmedia":[{"embeddable":true,"href":"https:\/\/biznovator.com\/es\/wp-json\/wp\/v2\/media\/5182"}],"wp:attachment":[{"href":"https:\/\/biznovator.com\/es\/wp-json\/wp\/v2\/media?parent=5180"}],"wp:term":[{"taxonomy":"product_brand","embeddable":true,"href":"https:\/\/biznovator.com\/es\/wp-json\/wp\/v2\/product_brand?post=5180"},{"taxonomy":"product_cat","embeddable":true,"href":"https:\/\/biznovator.com\/es\/wp-json\/wp\/v2\/product_cat?post=5180"},{"taxonomy":"product_tag","embeddable":true,"href":"https:\/\/biznovator.com\/es\/wp-json\/wp\/v2\/product_tag?post=5180"}],"curies":[{"name":"wp","href":"https:\/\/api.w.org\/{rel}","templated":true}]}}