{"id":5229,"date":"2019-09-07T01:46:34","date_gmt":"2019-09-07T05:46:34","guid":{"rendered":"https:\/\/www.biznovator.com\/?post_type=product&#038;p=5229"},"modified":"2019-10-10T13:37:50","modified_gmt":"2019-10-10T17:37:50","slug":"biznovator-journey-jumpstart-collegeprep-workshop-at-haiti","status":"publish","type":"product","link":"https:\/\/biznovator.com\/es\/producto\/biznovator-journey-jumpstart-collegeprep-workshop-at-haiti\/","title":{"rendered":"BIZNOVATOR Journey Jumpstart &#038; CollegePrep Workshop"},"content":{"rendered":"<div class=\"wpb-content-wrapper\"><p>[vc_row][vc_column][vc_column_text]<\/p>\n<h3>BIZNOVATOR JOURNEY JUMPSTART &amp; COLLLEGEPREP WORKSHOP<\/h3>\n<table class=\"event_date_info_table\">\n<tbody>\n<tr>\n<td class=\"event_info\">\n<div class=\"event_date_info\">\n<div class=\"event_date_info_unit event_start\">\n<div class=\"event_labels heading_font\"><i class=\"fa fa-clock-o\"><\/i>Start:<\/div>\n<p>Noviembre 16, 2019<\/p>\n<\/div>\n<div class=\"event_date_info_unit event_end\">\n<div class=\"event_labels heading_font\">End:<\/div>\n<p>Noviembre 17, 2019<\/p>\n<\/div>\n<div class=\"event_date_info_unit event_location\">\n<div class=\"event_labels heading_font\"><i class=\"fa fa-map-marker\"><\/i>Location:<\/div>\n<p>Villa Th\u00e9r\u00e8se. 13, rue Leon Nau, N\u00e9rette. Petion-Ville, Haiti.<\/p>\n<\/div>\n<div class=\"event_date_info_unit\">\n<div class=\"event_labels heading_font\"><i class=\"fa fa-usd\"><\/i>Investment:<\/div>\n<p>USD $180 per student<\/p>\n<\/div>\n<\/div>\n<\/td>\n<\/tr>\n<\/tbody>\n<\/table>\n<h3>BIZNOVATOR JOURNEY JUMPSTART<\/h3>\n<table class=\"event_date_info_table\">\n<tbody>\n<tr>\n<td class=\"event_info\">\n<div class=\"event_date_info\">\n<div class=\"event_date_info_unit event_start\">\n<div class=\"event_labels heading_font\"><i class=\"fa fa-clock-o\"><\/i>Start:<\/div>\n<p>Noviembre 16, 2019<\/p>\n<\/div>\n<div class=\"event_date_info_unit event_end\">\n<div class=\"event_labels heading_font\">End:<\/div>\n<p>Noviembre 17, 2019<\/p>\n<\/div>\n<div class=\"event_date_info_unit event_location\">\n<div class=\"event_labels heading_font\"><i class=\"fa fa-map-marker\"><\/i>Location:<\/div>\n<p>Villa Th\u00e9r\u00e8se. 13, rue Leon Nau, N\u00e9rette. Petion-Ville, Haiti.<\/p>\n<\/div>\n<div class=\"event_date_info_unit\">\n<div class=\"event_labels heading_font\"><i class=\"fa fa-usd\"><\/i>Investment:<\/div>\n<p>USD $105.00 per student<\/p>\n<\/div>\n<\/div>\n<\/td>\n<\/tr>\n<\/tbody>\n<\/table>\n<h3>BIZNOVATOR COLLEGEPREP WORKSHOP<\/h3>\n<table class=\"event_date_info_table\">\n<tbody>\n<tr>\n<td class=\"event_info\">\n<div class=\"event_date_info\">\n<div class=\"event_date_info_unit event_start\">\n<div class=\"event_labels heading_font\"><i class=\"fa fa-clock-o\"><\/i>Start:<\/div>\n<p>Noviembre 16, 2019<\/p>\n<\/div>\n<div class=\"event_date_info_unit event_end\">\n<div class=\"event_labels heading_font\">End:<\/div>\n<p>Noviembre 17, 2019<\/p>\n<\/div>\n<div class=\"event_date_info_unit event_location\">\n<div class=\"event_labels heading_font\"><i class=\"fa fa-map-marker\"><\/i>Location:<\/div>\n<p>Villa Th\u00e9r\u00e8se. 13, rue Leon Nau, N\u00e9rette. Petion-Ville, Haiti.<\/p>\n<\/div>\n<div class=\"event_date_info_unit\">\n<div class=\"event_labels heading_font\"><i class=\"fa fa-usd\"><\/i>Investment:<\/div>\n<p>USD $105.00 per student<\/p>\n<\/div>\n<\/div>\n<\/td>\n<\/tr>\n<\/tbody>\n<\/table>\n<p>Includes:<br \/>\nT-Shirt, Workbooks, Daily Lunch, Awards Ceremony, Fun Team Dynamics[\/vc_column_text][\/vc_column][\/vc_row]<\/p>\n<\/div>","protected":false},"excerpt":{"rendered":"<p>[vc_row][vc_column][vc_column_text] BIZNOVATOR JOURNEY JUMPSTART &amp; COLLLEGEPREP WORKSHOP Start: Noviembre 16, 2019 End: Noviembre 17, 2019 Location: Villa Th\u00e9r\u00e8se. 13, rue Leon Nau, N\u00e9rette. Petion-Ville, Haiti. Investment: USD $180 per student BIZNOVATOR JOURNEY JUMPSTART Start: Noviembre 16, 2019 End: Noviembre 17, 2019 Location: Villa Th\u00e9r\u00e8se. 13, rue Leon Nau, N\u00e9rette. Petion-Ville, Haiti. Investment: USD $105.00 per [&hellip;]<\/p>\n","protected":false},"featured_media":5234,"template":"","meta":{"_acf_changed":false},"product_brand":[],"product_cat":[1280],"product_tag":[],"class_list":{"0":"post-5229","1":"product","2":"type-product","3":"status-publish","4":"has-post-thumbnail","6":"product_cat-workshop","8":"first","9":"instock","10":"shipping-taxable","11":"purchasable","12":"product-type-variable"},"acf":[],"_links":{"self":[{"href":"https:\/\/biznovator.com\/es\/wp-json\/wp\/v2\/product\/5229","targetHints":{"allow":["GET"]}}],"collection":[{"href":"https:\/\/biznovator.com\/es\/wp-json\/wp\/v2\/product"}],"about":[{"href":"https:\/\/biznovator.com\/es\/wp-json\/wp\/v2\/types\/product"}],"version-history":[{"count":0,"href":"https:\/\/biznovator.com\/es\/wp-json\/wp\/v2\/product\/5229\/revisions"}],"wp:featuredmedia":[{"embeddable":true,"href":"https:\/\/biznovator.com\/es\/wp-json\/wp\/v2\/media\/5234"}],"wp:attachment":[{"href":"https:\/\/biznovator.com\/es\/wp-json\/wp\/v2\/media?parent=5229"}],"wp:term":[{"taxonomy":"product_brand","embeddable":true,"href":"https:\/\/biznovator.com\/es\/wp-json\/wp\/v2\/product_brand?post=5229"},{"taxonomy":"product_cat","embeddable":true,"href":"https:\/\/biznovator.com\/es\/wp-json\/wp\/v2\/product_cat?post=5229"},{"taxonomy":"product_tag","embeddable":true,"href":"https:\/\/biznovator.com\/es\/wp-json\/wp\/v2\/product_tag?post=5229"}],"curies":[{"name":"wp","href":"https:\/\/api.w.org\/{rel}","templated":true}]}}