{"id":5250,"date":"2019-09-07T13:32:41","date_gmt":"2019-09-07T17:32:41","guid":{"rendered":"https:\/\/www.biznovator.com\/?post_type=product&#038;p=5250"},"modified":"2020-02-28T07:45:04","modified_gmt":"2020-02-28T12:45:04","slug":"biznovator-journey-jumpstart-discover-workshop-at-haiti","status":"publish","type":"product","link":"https:\/\/biznovator.com\/es\/producto\/biznovator-journey-jumpstart-discover-workshop-at-haiti\/","title":{"rendered":"BIZNOVATOR Journey Jumpstart &#038; Discover Workshop at Haiti"},"content":{"rendered":"<div class=\"wpb-content-wrapper\"><p>[vc_row][vc_column][vc_column_text]<\/p>\n<h3>Because of the high demand of our empowering workshops, this one SOLD OUT!!! We have a few seats available only for the second day! But don\u2019t fret; we\u2019re planning to open another amazing one this April. Stay tuned!!<\/h3>\n<p>[\/vc_column_text][vc_column_text]<\/p>\n<h3>BIZNOVATOR JOURNEY JUMPSTART &amp; DISCOVER WORKSHOP<\/h3>\n<table class=\"event_date_info_table\">\n<tbody>\n<tr>\n<td class=\"event_info\">\n<div class=\"event_date_info\">\n<div class=\"event_date_info_unit event_start\">\n<div class=\"event_labels heading_font\"><i class=\"fa fa-clock-o\"><\/i>Start:<\/div>\n<p>March 7, 2020<\/p>\n<\/div>\n<div class=\"event_date_info_unit event_end\">\n<div class=\"event_labels heading_font\">End:<\/div>\n<p>March 8, 2020<\/p>\n<\/div>\n<div class=\"event_date_info_unit event_location\">\n<div class=\"event_labels heading_font\"><i class=\"fa fa-map-marker\"><\/i>Location:<\/div>\n<p>Villa Th\u00e9r\u00e8se. 13, rue Leon Nau, N\u00e9rette. Petion-Ville, Haiti.<\/p>\n<\/div>\n<div class=\"event_date_info_unit\">\n<div class=\"event_labels heading_font\"><i class=\"fa fa-usd\"><\/i>Investment:<\/div>\n<p>No available seats<\/p>\n<\/div>\n<\/div>\n<\/td>\n<\/tr>\n<\/tbody>\n<\/table>\n<h3>BIZNOVATOR JOURNEY JUMPSTART<\/h3>\n<table class=\"event_date_info_table\">\n<tbody>\n<tr>\n<td class=\"event_info\">\n<div class=\"event_date_info\">\n<div class=\"event_date_info_unit event_start\">\n<div class=\"event_labels heading_font\"><i class=\"fa fa-clock-o\"><\/i>Start:<\/div>\n<p>March 7, 2020<\/p>\n<\/div>\n<div class=\"event_date_info_unit event_end\">\n<div class=\"event_labels heading_font\">End:<\/div>\n<p>March 7, 2020<\/p>\n<\/div>\n<div class=\"event_date_info_unit event_location\">\n<div class=\"event_labels heading_font\"><i class=\"fa fa-map-marker\"><\/i>Location:<\/div>\n<p>Villa Th\u00e9r\u00e8se. 13, rue Leon Nau, N\u00e9rette. Petion-Ville, Haiti.<\/p>\n<\/div>\n<div class=\"event_date_info_unit\">\n<div class=\"event_labels heading_font\"><i class=\"fa fa-usd\"><\/i>Investment:<\/div>\n<p>No available seats<\/p>\n<\/div>\n<\/div>\n<\/td>\n<\/tr>\n<\/tbody>\n<\/table>\n<h3>BIZNOVATOR DISCOVER WORKSHOP<\/h3>\n<table class=\"event_date_info_table\">\n<tbody>\n<tr>\n<td class=\"event_info\">\n<div class=\"event_date_info\">\n<div class=\"event_date_info_unit event_start\">\n<div class=\"event_labels heading_font\"><i class=\"fa fa-clock-o\"><\/i>Start:<\/div>\n<p>March 8, 2020<\/p>\n<\/div>\n<div class=\"event_date_info_unit event_end\">\n<div class=\"event_labels heading_font\">End:<\/div>\n<p>March 8, 2020<\/p>\n<\/div>\n<div class=\"event_date_info_unit event_location\">\n<div class=\"event_labels heading_font\"><i class=\"fa fa-map-marker\"><\/i>Location:<\/div>\n<p>Villa Th\u00e9r\u00e8se. 13, rue Leon Nau, N\u00e9rette. Petion-Ville, Haiti.<\/p>\n<\/div>\n<div class=\"event_date_info_unit\">\n<div class=\"event_labels heading_font\"><i class=\"fa fa-usd\"><\/i>Investment:<\/div>\n<p>No available seats<\/p>\n<\/div>\n<\/div>\n<\/td>\n<\/tr>\n<\/tbody>\n<\/table>\n<p>Includes:<br \/>\nT-Shirt, Workbooks, Daily Lunch, Awards Ceremony, Fun Team Dynamics[\/vc_column_text][\/vc_column][\/vc_row]<\/p>\n<\/div>","protected":false},"excerpt":{"rendered":"<p>[vc_row][vc_column][vc_column_text] Because of the high demand of our empowering workshops, this one SOLD OUT!!! We have a few seats available only for the second day! But don\u2019t fret; we\u2019re planning to open another amazing one this April. Stay tuned!! [\/vc_column_text][vc_column_text] BIZNOVATOR JOURNEY JUMPSTART &amp; DISCOVER WORKSHOP Start: March 7, 2020 End: March 8, 2020 Location: [&hellip;]<\/p>\n","protected":false},"featured_media":5247,"template":"","meta":{"_acf_changed":false},"product_brand":[],"product_cat":[1280],"product_tag":[],"class_list":{"0":"post-5250","1":"product","2":"type-product","3":"status-publish","4":"has-post-thumbnail","6":"product_cat-workshop","8":"first","9":"outofstock","10":"shipping-taxable","11":"purchasable","12":"product-type-variable","13":"has-default-attributes"},"acf":[],"_links":{"self":[{"href":"https:\/\/biznovator.com\/es\/wp-json\/wp\/v2\/product\/5250","targetHints":{"allow":["GET"]}}],"collection":[{"href":"https:\/\/biznovator.com\/es\/wp-json\/wp\/v2\/product"}],"about":[{"href":"https:\/\/biznovator.com\/es\/wp-json\/wp\/v2\/types\/product"}],"version-history":[{"count":0,"href":"https:\/\/biznovator.com\/es\/wp-json\/wp\/v2\/product\/5250\/revisions"}],"wp:featuredmedia":[{"embeddable":true,"href":"https:\/\/biznovator.com\/es\/wp-json\/wp\/v2\/media\/5247"}],"wp:attachment":[{"href":"https:\/\/biznovator.com\/es\/wp-json\/wp\/v2\/media?parent=5250"}],"wp:term":[{"taxonomy":"product_brand","embeddable":true,"href":"https:\/\/biznovator.com\/es\/wp-json\/wp\/v2\/product_brand?post=5250"},{"taxonomy":"product_cat","embeddable":true,"href":"https:\/\/biznovator.com\/es\/wp-json\/wp\/v2\/product_cat?post=5250"},{"taxonomy":"product_tag","embeddable":true,"href":"https:\/\/biznovator.com\/es\/wp-json\/wp\/v2\/product_tag?post=5250"}],"curies":[{"name":"wp","href":"https:\/\/api.w.org\/{rel}","templated":true}]}}