{"id":6556,"date":"2019-12-17T15:01:28","date_gmt":"2019-12-17T20:01:28","guid":{"rendered":"https:\/\/www.biznovator.com\/?post_type=product&#038;p=6556"},"modified":"2020-05-25T18:24:25","modified_gmt":"2020-05-25T22:24:25","slug":"biznovator-journey-jumpstart-discover-workshop-at-ecuador","status":"publish","type":"product","link":"https:\/\/biznovator.com\/es\/producto\/biznovator-journey-jumpstart-discover-workshop-at-ecuador\/","title":{"rendered":"BIZNOVATOR Journey Jumpstart &#038; Discover Workshop at Ecuador"},"content":{"rendered":"<div class=\"wpb-content-wrapper\"><p>[vc_row][vc_column][vc_column_text]<\/p>\n<h3>BIZNOVATOR JOURNEY JUMPSTART &amp; DISCOVER WORKSHOP<\/h3>\n<table class=\"event_date_info_table\">\n<tbody>\n<tr>\n<td class=\"event_info\">\n<div class=\"event_date_info\">\n<div class=\"event_date_info_unit event_start\">\n<div class=\"event_labels heading_font\"><i class=\"fa fa-clock-o\"><\/i>Inicio:<\/div>\n<p>Febrero 1, 2020<\/p>\n<\/div>\n<div class=\"event_date_info_unit event_end\">\n<div class=\"event_labels heading_font\">Fin:<\/div>\n<p>Febrero 2, 2020<\/p>\n<\/div>\n<div class=\"event_date_info_unit event_location\">\n<div class=\"event_labels heading_font\"><i class=\"fa fa-map-marker\"><\/i>Ubicaci\u00f3n:<\/div>\n<p>Universidad San Francisco de Quito, Ecuador.<\/p>\n<\/div>\n<div class=\"event_date_info_unit\">\n<div class=\"event_labels heading_font\"><i class=\"fa fa-usd\"><\/i>Inversi\u00f3n:<\/div>\n<p>USD $150 per student<\/p>\n<\/div>\n<\/div>\n<\/td>\n<\/tr>\n<\/tbody>\n<\/table>\n<h3>BIZNOVATOR JOURNEY JUMPSTART<\/h3>\n<table class=\"event_date_info_table\">\n<tbody>\n<tr>\n<td class=\"event_info\">\n<div class=\"event_date_info\">\n<div class=\"event_date_info_unit event_start\">\n<div class=\"event_labels heading_font\"><i class=\"fa fa-clock-o\"><\/i>Inicio:<\/div>\n<p>Febrero 1, 2020<\/p>\n<\/div>\n<div class=\"event_date_info_unit event_end\">\n<div class=\"event_labels heading_font\">Fin:<\/div>\n<p>Febrero 1, 2020<\/p>\n<\/div>\n<div class=\"event_date_info_unit event_location\">\n<div class=\"event_labels heading_font\"><i class=\"fa fa-map-marker\"><\/i>Ubicaci\u00f3n:<\/div>\n<p>Universidad San Francisco de Quito, Ecuador.<\/p>\n<\/div>\n<div class=\"event_date_info_unit\">\n<div class=\"event_labels heading_font\"><i class=\"fa fa-usd\"><\/i>Inversi\u00f3n:<\/div>\n<p>USD $89.00 per student<\/p>\n<\/div>\n<\/div>\n<\/td>\n<\/tr>\n<\/tbody>\n<\/table>\n<h3>BIZNOVATOR DISCOVER WORKSHOP<\/h3>\n<table class=\"event_date_info_table\">\n<tbody>\n<tr>\n<td class=\"event_info\">\n<div class=\"event_date_info\">\n<div class=\"event_date_info_unit event_start\">\n<div class=\"event_labels heading_font\"><i class=\"fa fa-clock-o\"><\/i>Inicio:<\/div>\n<p>Febrero 2, 2020<\/p>\n<\/div>\n<div class=\"event_date_info_unit event_end\">\n<div class=\"event_labels heading_font\">Fin:<\/div>\n<p>Febrero 2, 2020<\/p>\n<\/div>\n<div class=\"event_date_info_unit event_location\">\n<div class=\"event_labels heading_font\"><i class=\"fa fa-map-marker\"><\/i>Ubicaci\u00f3n:<\/div>\n<p>Universidad San Francisco de Quito, Ecuador.<\/p>\n<\/div>\n<div class=\"event_date_info_unit\">\n<div class=\"event_labels heading_font\"><i class=\"fa fa-usd\"><\/i>Inversi\u00f3n:<\/div>\n<p>USD $89.00 per student<\/p>\n<\/div>\n<\/div>\n<\/td>\n<\/tr>\n<\/tbody>\n<\/table>\n<p>Incluye:<br \/>\nAlmuerzo, Meriendas, Material de trabajo, Certificado[\/vc_column_text][\/vc_column][\/vc_row]<\/p>\n<\/div>","protected":false},"excerpt":{"rendered":"<p>[vc_row][vc_column][vc_column_text] BIZNOVATOR JOURNEY JUMPSTART &amp; DISCOVER WORKSHOP Inicio: Febrero 1, 2020 Fin: Febrero 2, 2020 Ubicaci\u00f3n: Universidad San Francisco de Quito, Ecuador. Inversi\u00f3n: USD $150 per student BIZNOVATOR JOURNEY JUMPSTART Inicio: Febrero 1, 2020 Fin: Febrero 1, 2020 Ubicaci\u00f3n: Universidad San Francisco de Quito, Ecuador. Inversi\u00f3n: USD $89.00 per student BIZNOVATOR DISCOVER WORKSHOP Inicio: Febrero [&hellip;]<\/p>\n","protected":false},"featured_media":6553,"template":"","meta":{"_acf_changed":false},"product_brand":[],"product_cat":[1280],"product_tag":[],"class_list":{"0":"post-6556","1":"product","2":"type-product","3":"status-publish","4":"has-post-thumbnail","6":"product_cat-workshop","8":"first","9":"instock","10":"shipping-taxable","11":"purchasable","12":"product-type-variable"},"acf":[],"_links":{"self":[{"href":"https:\/\/biznovator.com\/es\/wp-json\/wp\/v2\/product\/6556","targetHints":{"allow":["GET"]}}],"collection":[{"href":"https:\/\/biznovator.com\/es\/wp-json\/wp\/v2\/product"}],"about":[{"href":"https:\/\/biznovator.com\/es\/wp-json\/wp\/v2\/types\/product"}],"version-history":[{"count":0,"href":"https:\/\/biznovator.com\/es\/wp-json\/wp\/v2\/product\/6556\/revisions"}],"wp:featuredmedia":[{"embeddable":true,"href":"https:\/\/biznovator.com\/es\/wp-json\/wp\/v2\/media\/6553"}],"wp:attachment":[{"href":"https:\/\/biznovator.com\/es\/wp-json\/wp\/v2\/media?parent=6556"}],"wp:term":[{"taxonomy":"product_brand","embeddable":true,"href":"https:\/\/biznovator.com\/es\/wp-json\/wp\/v2\/product_brand?post=6556"},{"taxonomy":"product_cat","embeddable":true,"href":"https:\/\/biznovator.com\/es\/wp-json\/wp\/v2\/product_cat?post=6556"},{"taxonomy":"product_tag","embeddable":true,"href":"https:\/\/biznovator.com\/es\/wp-json\/wp\/v2\/product_tag?post=6556"}],"curies":[{"name":"wp","href":"https:\/\/api.w.org\/{rel}","templated":true}]}}