{"id":7433,"date":"2020-10-08T08:07:22","date_gmt":"2020-10-08T12:07:22","guid":{"rendered":"https:\/\/www.biznovator.com\/?post_type=product&#038;p=7433"},"modified":"2020-10-08T08:08:44","modified_gmt":"2020-10-08T12:08:44","slug":"biznovator-biztec-camp-en-espanol-camp-02","status":"publish","type":"product","link":"https:\/\/biznovator.com\/es\/producto\/biznovator-biztec-camp-en-espanol-camp-02\/","title":{"rendered":"BIZNOVATOR BizTec Camp en Espa\u00f1ol &#8211; CAMP 02"},"content":{"rendered":"<div class=\"wpb-content-wrapper\"><p>[vc_row][vc_column][vc_column_text]<\/p>\n<table class=\"event_date_info_table\">\n<tbody>\n<tr>\n<td class=\"event_info\">\n<div class=\"event_date_info\">\n<div class=\"event_date_info_unit event_start\">\n<div class=\"event_labels heading_font\"><i class=\"fa fa-clock-o\"><\/i>Inicia:<\/div>\n<p>Noviembre 13, 2020.<\/p>\n<\/div>\n<div class=\"event_date_info_unit event_end\">\n<div class=\"event_labels heading_font\">Finaliza:<\/div>\n<p>Noviembre 22, 2020.<\/p>\n<\/div>\n<div class=\"event_date_info_unit event_location\">\n<div class=\"event_labels heading_font\"><i class=\"fa fa-map-marker\"><\/i>Lugar:<\/div>\n<p>Online \/ Virtual.<\/p>\n<\/div>\n<\/div>\n<\/td>\n<\/tr>\n<\/tbody>\n<\/table>\n<p>[\/vc_column_text][vc_column_text]<\/p>\n<h3>Los participantes llegan con curiosidad y salen empoderados para ejecutar su plan de \u00e9xito.<\/h3>\n<ul>\n<li>C\u00f3mo crear y lograr objetivos que los prepare para el \u00e9xito<\/li>\n<li>Las 7 Mentalidades para Vivir su Vida al M\u00e1ximo<\/li>\n<li>Ideaci\u00f3n, Investigaci\u00f3n y Desarrollo del Arranque de su Propio Negocio o Proyecto<\/li>\n<li>Habilidades Tecnol\u00f3gicas Esenciales y Aplicables<\/li>\n<li>Desarrollo y Presentaciones de Planes de Negocios<\/li>\n<li>Recomendaciones de Actividades Extra-Curriculares \u00datiles para la Universidad<\/li>\n<\/ul>\n<h3>La Inversi\u00f3n por Cada Estudiante Incluye:<\/h3>\n<ul>\n<li>Libro y Hojas de Trabajo Descargables<\/li>\n<li>Entrada a la Competencia de Planes de Negocios (incluye capital semilla para los analistas)<\/li>\n<li>Coaching Durante las Sesiones de BizLab los Martes y Jueves<\/li>\n<li>Certicado de Participaci\u00f3n<\/li>\n<li>Cartas Constancia por completar el programa y de Recomendaci\u00f3n para la Universidad<\/li>\n<li>Retroalimentaci\u00f3n de Crecimiento Personal<\/li>\n<li>M\u00e1s de 20 horas de Aprendizaje y Desarrollo<\/li>\n<\/ul>\n<p>[\/vc_column_text][\/vc_column][\/vc_row]<\/p>\n<\/div>","protected":false},"excerpt":{"rendered":"<p>[vc_row][vc_column][vc_column_text] Inicia: Noviembre 13, 2020. Finaliza: Noviembre 22, 2020. Lugar: Online \/ Virtual. [\/vc_column_text][vc_column_text] Los participantes llegan con curiosidad y salen empoderados para ejecutar su plan de \u00e9xito. C\u00f3mo crear y lograr objetivos que los prepare para el \u00e9xito Las 7 Mentalidades para Vivir su Vida al M\u00e1ximo Ideaci\u00f3n, Investigaci\u00f3n y Desarrollo del Arranque de [&hellip;]<\/p>\n","protected":false},"featured_media":6855,"template":"","meta":{"_acf_changed":false},"product_brand":[],"product_cat":[2869],"product_tag":[],"class_list":{"0":"post-7433","1":"product","2":"type-product","3":"status-publish","4":"has-post-thumbnail","6":"product_cat-virtual-camp","8":"first","9":"instock","10":"shipping-taxable","11":"purchasable","12":"product-type-simple"},"acf":[],"_links":{"self":[{"href":"https:\/\/biznovator.com\/es\/wp-json\/wp\/v2\/product\/7433","targetHints":{"allow":["GET"]}}],"collection":[{"href":"https:\/\/biznovator.com\/es\/wp-json\/wp\/v2\/product"}],"about":[{"href":"https:\/\/biznovator.com\/es\/wp-json\/wp\/v2\/types\/product"}],"version-history":[{"count":0,"href":"https:\/\/biznovator.com\/es\/wp-json\/wp\/v2\/product\/7433\/revisions"}],"wp:featuredmedia":[{"embeddable":true,"href":"https:\/\/biznovator.com\/es\/wp-json\/wp\/v2\/media\/6855"}],"wp:attachment":[{"href":"https:\/\/biznovator.com\/es\/wp-json\/wp\/v2\/media?parent=7433"}],"wp:term":[{"taxonomy":"product_brand","embeddable":true,"href":"https:\/\/biznovator.com\/es\/wp-json\/wp\/v2\/product_brand?post=7433"},{"taxonomy":"product_cat","embeddable":true,"href":"https:\/\/biznovator.com\/es\/wp-json\/wp\/v2\/product_cat?post=7433"},{"taxonomy":"product_tag","embeddable":true,"href":"https:\/\/biznovator.com\/es\/wp-json\/wp\/v2\/product_tag?post=7433"}],"curies":[{"name":"wp","href":"https:\/\/api.w.org\/{rel}","templated":true}]}}