{"id":7926,"date":"2021-01-11T21:05:48","date_gmt":"2021-01-12T02:05:48","guid":{"rendered":"https:\/\/www.biznovator.com\/?post_type=product&#038;p=7926"},"modified":"2023-10-01T11:10:31","modified_gmt":"2023-10-01T15:10:31","slug":"biznovator-collegeprep-workshop-at-haiti","status":"publish","type":"product","link":"https:\/\/biznovator.com\/es\/producto\/biznovator-collegeprep-workshop-at-haiti\/","title":{"rendered":"BIZNOVATOR CollegePrep Workshop at Haiti"},"content":{"rendered":"<div class=\"wpb-content-wrapper\"><p>[vc_row][vc_column][vc_column_text]<\/p>\n<h3>BIZNOVATOR COLLLEGEPREP WORKSHOP AT HAITI<\/h3>\n<table class=\"event_date_info_table\">\n<tbody>\n<tr>\n<td class=\"event_info\">\n<div class=\"event_date_info\">\n<div class=\"event_date_info_unit event_start\">\n<div class=\"event_labels heading_font\"><i class=\"fa fa-clock-o\"><\/i>Start:<\/div>\n<p>October 20th, 2023<\/p>\n<\/div>\n<div class=\"event_date_info_unit event_end\">\n<div class=\"event_labels heading_font\">End:<\/div>\n<p>October 21st, 2023<\/p>\n<\/div>\n<div class=\"event_date_info_unit event_location\">\n<div class=\"event_labels heading_font\"><i class=\"fa fa-map-marker\"><\/i>Location:<\/div>\n<p>Union School, Route du Canap\u00e9-Vert, Juv\u00e9nat, P\u00e9tion-Ville, HAITI.<\/p>\n<\/div>\n<div class=\"event_date_info_unit\">\n<div class=\"event_labels heading_font\"><i class=\"fa fa-usd\"><\/i>Investment:<\/div>\n<p>USD $179 per student<\/p>\n<\/div>\n<\/div>\n<\/td>\n<\/tr>\n<\/tbody>\n<\/table>\n<h3><span style=\"font-size: 16px;\"><br \/>\nIncludes:<\/span><\/h3>\n<p>Workbooks, Daily Lunch, Awards Ceremony, Fun Team Dynamics[\/vc_column_text][\/vc_column][\/vc_row]<\/p>\n<\/div>","protected":false},"excerpt":{"rendered":"<p>[vc_row][vc_column][vc_column_text] BIZNOVATOR COLLLEGEPREP WORKSHOP AT HAITI Start: October 20th, 2023 End: October 21st, 2023 Location: Union School, Route du Canap\u00e9-Vert, Juv\u00e9nat, P\u00e9tion-Ville, HAITI. Investment: USD $179 per student Includes: Workbooks, Daily Lunch, Awards Ceremony, Fun Team Dynamics[\/vc_column_text][\/vc_column][\/vc_row]<\/p>\n","protected":false},"featured_media":7921,"template":"","meta":{"_acf_changed":false},"product_brand":[],"product_cat":[1280],"product_tag":[],"class_list":{"0":"post-7926","1":"product","2":"type-product","3":"status-publish","4":"has-post-thumbnail","6":"product_cat-workshop","8":"first","9":"instock","10":"shipping-taxable","11":"purchasable","12":"product-type-simple"},"acf":[],"_links":{"self":[{"href":"https:\/\/biznovator.com\/es\/wp-json\/wp\/v2\/product\/7926","targetHints":{"allow":["GET"]}}],"collection":[{"href":"https:\/\/biznovator.com\/es\/wp-json\/wp\/v2\/product"}],"about":[{"href":"https:\/\/biznovator.com\/es\/wp-json\/wp\/v2\/types\/product"}],"version-history":[{"count":0,"href":"https:\/\/biznovator.com\/es\/wp-json\/wp\/v2\/product\/7926\/revisions"}],"wp:featuredmedia":[{"embeddable":true,"href":"https:\/\/biznovator.com\/es\/wp-json\/wp\/v2\/media\/7921"}],"wp:attachment":[{"href":"https:\/\/biznovator.com\/es\/wp-json\/wp\/v2\/media?parent=7926"}],"wp:term":[{"taxonomy":"product_brand","embeddable":true,"href":"https:\/\/biznovator.com\/es\/wp-json\/wp\/v2\/product_brand?post=7926"},{"taxonomy":"product_cat","embeddable":true,"href":"https:\/\/biznovator.com\/es\/wp-json\/wp\/v2\/product_cat?post=7926"},{"taxonomy":"product_tag","embeddable":true,"href":"https:\/\/biznovator.com\/es\/wp-json\/wp\/v2\/product_tag?post=7926"}],"curies":[{"name":"wp","href":"https:\/\/api.w.org\/{rel}","templated":true}]}}